{"id":6790,"date":"2024-04-24T16:35:04","date_gmt":"2024-04-24T14:35:04","guid":{"rendered":"https:\/\/www.what-brest.com\/?page_id=6790"},"modified":"2025-05-22T14:47:25","modified_gmt":"2025-05-22T12:47:25","slug":"offre-pour-les-groupes","status":"publish","type":"page","link":"https:\/\/www.what-brest.com\/index.php\/offre-pour-les-groupes\/","title":{"rendered":"Offre pour les groupes"},"content":{"rendered":"<div class=\"fusion-fullwidth fullwidth-box fusion-builder-row-1 fusion-flex-container has-pattern-background has-mask-background nonhundred-percent-fullwidth non-hundred-percent-height-scrolling\" style=\"--awb-border-radius-top-left:0px;--awb-border-radius-top-right:0px;--awb-border-radius-bottom-right:0px;--awb-border-radius-bottom-left:0px;--awb-padding-top:155px;--awb-padding-bottom:200px;--awb-margin-top:0px;--awb-flex-wrap:wrap;\" ><div class=\"fusion-builder-row fusion-row fusion-flex-align-items-flex-start fusion-flex-content-wrap\" style=\"max-width:1664px;margin-left: calc(-4% \/ 2 );margin-right: calc(-4% \/ 2 );\"><div class=\"fusion-layout-column fusion_builder_column fusion-builder-column-0 fusion_builder_column_1_1 1_1 fusion-flex-column\" style=\"--awb-bg-size:cover;--awb-width-large:100%;--awb-margin-top-large:0px;--awb-spacing-right-large:1.92%;--awb-margin-bottom-large:20px;--awb-spacing-left-large:1.92%;--awb-width-medium:100%;--awb-order-medium:0;--awb-spacing-right-medium:1.92%;--awb-spacing-left-medium:1.92%;--awb-width-small:100%;--awb-order-small:0;--awb-spacing-right-small:1.92%;--awb-spacing-left-small:1.92%;\"><div class=\"fusion-column-wrapper fusion-column-has-shadow fusion-flex-justify-content-flex-start fusion-content-layout-column\"><div class=\"fusion-title title fusion-title-1 fusion-title-text fusion-title-size-one\" style=\"--awb-font-size:45px;\"><div class=\"title-sep-container title-sep-container-left fusion-no-large-visibility fusion-no-medium-visibility fusion-no-small-visibility\"><div class=\"title-sep sep-single sep-solid\" style=\"border-color:#fbbe5e;\"><\/div><\/div><span class=\"awb-title-spacer fusion-no-large-visibility fusion-no-medium-visibility fusion-no-small-visibility\"><\/span><h1 class=\"fusion-title-heading title-heading-left fusion-responsive-typography-calculated\" style=\"margin:0;font-size:1em;--fontSize:45;line-height:1.41;\">Offre groupes<\/h1><span class=\"awb-title-spacer\"><\/span><div class=\"title-sep-container title-sep-container-right\"><div class=\"title-sep sep-single sep-solid\" style=\"border-color:#fbbe5e;\"><\/div><\/div><\/div><div class=\"fusion-text fusion-text-1\"><p style=\"text-align: center;\">Id\u00e9alement situ\u00e9 au c\u0153ur de Kergaradec \u00e0 Brest, le What est plus qu\u2019un bar-restaurant : <strong>c\u2019est un lieu de vie.<\/strong><br \/>\nFacilement accessible, le What est parfait pour toutes vos r\u00e9unions et \u00e9v\u00e9nements.<\/p>\n<p style=\"text-align: center;\"><strong>Pour un petit-d\u00e9jeuner d\u2019affaires, un d\u00e9jeuner en famille ou un after-work entre coll\u00e8gues<\/strong>, le What s&rsquo;adapte \u00e0 toutes vos envies.<br \/>\nNotre cuisine maison, \u00e0 base de produits frais, ravira tous les palais.<br \/>\nProfitez d\u2019un cadre chaleureux, install\u00e9 au coin du feu ou sur notre terrasse ensoleill\u00e9e, avec un cocktail pr\u00e9par\u00e9 par nos barmans.<\/p>\n<p style=\"text-align: center;\">Le What propose des activit\u00e9s vari\u00e9es : lancer de hache, shuffleboard, fl\u00e9chettes, p\u00e9tanque, \u00a0billard, flipper, et soir\u00e9es th\u00e9matiques avec concerts, blind tests ou bachata.<\/p>\n<p style=\"text-align: center;\"><span style=\"color: #ffffff;\"><strong>Lors des jours f\u00e9ri\u00e9s, privatisez le What \u00e0 des conditions avantageuses et profitez de vos \u00e9v\u00e8nement gr\u00e2ce \u00e0 nous\u00a0!<\/strong><\/span><\/p>\n<p style=\"text-align: center;\">Pour toute demande de devis ou pour organiser votre \u00e9v\u00e9nement, contactez-nous au <a href=\"tel:0298851287\"><strong>02 98 85 12 87<\/strong> <\/a>ou \u00e0\u00a0<a href=\"mailto:contact@what-brest.com\">contact@what-brest.com<\/a><\/p>\n<p style=\"text-align: center;\">Rejoignez-nous au What \u00e0 Brest et faites de vos moments partag\u00e9s des souvenirs inoubliables !<\/p>\n<\/div><div class=\"fusion-slider-sc\"><div class=\"fusion-flexslider-loading flexslider flexslider-hover-type-none\" data-slideshow_autoplay=\"1\" data-slideshow_smooth_height=\"0\" data-slideshow_speed=\"7000\" style=\"max-width:100%;height:100%;\"><ul class=\"slides\"><li class=\"image\"><span class=\"fusion-image-hover-element hover-type-none\"><img decoding=\"async\" data-src=\"https:\/\/www.what-brest.com\/wp-content\/uploads\/2025\/05\/offre-groupe-what.png\" width=\"1920\" height=\"1080\" class=\"wp-image-6982 lazyload\" data-srcset=\"https:\/\/www.what-brest.com\/wp-content\/uploads\/2025\/05\/offre-groupe-what-200x113.png 200w, https:\/\/www.what-brest.com\/wp-content\/uploads\/2025\/05\/offre-groupe-what-400x225.png 400w, https:\/\/www.what-brest.com\/wp-content\/uploads\/2025\/05\/offre-groupe-what-600x338.png 600w, https:\/\/www.what-brest.com\/wp-content\/uploads\/2025\/05\/offre-groupe-what-800x450.png 800w, https:\/\/www.what-brest.com\/wp-content\/uploads\/2025\/05\/offre-groupe-what-1200x675.png 1200w, https:\/\/www.what-brest.com\/wp-content\/uploads\/2025\/05\/offre-groupe-what.png 1920w\" data-sizes=\"(max-width: 850px) 100vw, (max-width: 640px) 100vw, 1920px\" src=\"data:image\/gif;base64,R0lGODlhAQABAAAAACH5BAEKAAEALAAAAAABAAEAAAICTAEAOw==\" style=\"--smush-placeholder-width: 1920px; --smush-placeholder-aspect-ratio: 1920\/1080;\" \/><noscript><img decoding=\"async\" src=\"https:\/\/www.what-brest.com\/wp-content\/uploads\/2025\/05\/offre-groupe-what.png\" width=\"1920\" height=\"1080\" class=\"wp-image-6982\" srcset=\"https:\/\/www.what-brest.com\/wp-content\/uploads\/2025\/05\/offre-groupe-what-200x113.png 200w, https:\/\/www.what-brest.com\/wp-content\/uploads\/2025\/05\/offre-groupe-what-400x225.png 400w, https:\/\/www.what-brest.com\/wp-content\/uploads\/2025\/05\/offre-groupe-what-600x338.png 600w, https:\/\/www.what-brest.com\/wp-content\/uploads\/2025\/05\/offre-groupe-what-800x450.png 800w, https:\/\/www.what-brest.com\/wp-content\/uploads\/2025\/05\/offre-groupe-what-1200x675.png 1200w, https:\/\/www.what-brest.com\/wp-content\/uploads\/2025\/05\/offre-groupe-what.png 1920w\" sizes=\"(max-width: 850px) 100vw, (max-width: 640px) 100vw, 1920px\" \/><\/noscript><\/span><\/li><\/ul><\/div><\/div><\/div><\/div><div class=\"fusion-layout-column fusion_builder_column fusion-builder-column-1 fusion_builder_column_1_1 1_1 fusion-flex-column\" style=\"--awb-bg-size:cover;--awb-width-large:100%;--awb-margin-top-large:0px;--awb-spacing-right-large:1.92%;--awb-margin-bottom-large:20px;--awb-spacing-left-large:1.92%;--awb-width-medium:100%;--awb-order-medium:0;--awb-spacing-right-medium:1.92%;--awb-spacing-left-medium:1.92%;--awb-width-small:100%;--awb-order-small:0;--awb-spacing-right-small:1.92%;--awb-spacing-left-small:1.92%;\"><div class=\"fusion-column-wrapper fusion-column-has-shadow fusion-flex-justify-content-flex-start fusion-content-layout-column\"><div style=\"text-align:center;\"><a class=\"fusion-button button-flat fusion-button-default-size button-default fusion-button-default button-1 fusion-button-default-span fusion-button-default-type fusion-no-medium-visibility\" target=\"_self\" title=\"bouton de contact\" aria-label=\"bouton de contact\" href=\"https:\/\/www.what-brest.com\/index.php\/contact\/\"><span class=\"fusion-button-text\">CONTACTEZ-NOUS ! <\/span><\/a><\/div><\/div><\/div><\/div><\/div>\n","protected":false},"excerpt":{"rendered":"","protected":false},"author":1,"featured_media":0,"parent":0,"menu_order":0,"comment_status":"closed","ping_status":"closed","template":"100-width.php","meta":{"_monsterinsights_skip_tracking":false,"_monsterinsights_sitenote_active":false,"_monsterinsights_sitenote_note":"","_monsterinsights_sitenote_category":0,"footnotes":""},"yoast_head":"<!-- This site is optimized with the Yoast SEO plugin v22.7 - https:\/\/yoast.com\/wordpress\/plugins\/seo\/ -->\n<title>Offre pour les groupes - What<\/title>\n<meta name=\"robots\" content=\"index, follow, max-snippet:-1, max-image-preview:large, max-video-preview:-1\" \/>\n<link rel=\"canonical\" href=\"https:\/\/www.what-brest.com\/index.php\/offre-pour-les-groupes\/\" \/>\n<meta property=\"og:locale\" content=\"fr_FR\" \/>\n<meta property=\"og:type\" content=\"article\" \/>\n<meta property=\"og:title\" content=\"Offre pour les groupes - What\" \/>\n<meta property=\"og:url\" content=\"https:\/\/www.what-brest.com\/index.php\/offre-pour-les-groupes\/\" \/>\n<meta property=\"og:site_name\" content=\"What\" \/>\n<meta property=\"article:publisher\" content=\"https:\/\/www.facebook.com\/whatbrest\" \/>\n<meta property=\"article:modified_time\" content=\"2025-05-22T12:47:25+00:00\" \/>\n<meta name=\"twitter:card\" content=\"summary_large_image\" \/>\n<meta name=\"twitter:label1\" content=\"Dur\u00e9e de lecture estim\u00e9e\" \/>\n\t<meta name=\"twitter:data1\" content=\"2 minutes\" \/>\n<script type=\"application\/ld+json\" class=\"yoast-schema-graph\">{\"@context\":\"https:\/\/schema.org\",\"@graph\":[{\"@type\":\"WebPage\",\"@id\":\"https:\/\/www.what-brest.com\/index.php\/offre-pour-les-groupes\/\",\"url\":\"https:\/\/www.what-brest.com\/index.php\/offre-pour-les-groupes\/\",\"name\":\"Offre pour les groupes - What\",\"isPartOf\":{\"@id\":\"https:\/\/www.what-brest.com\/#website\"},\"datePublished\":\"2024-04-24T14:35:04+00:00\",\"dateModified\":\"2025-05-22T12:47:25+00:00\",\"breadcrumb\":{\"@id\":\"https:\/\/www.what-brest.com\/index.php\/offre-pour-les-groupes\/#breadcrumb\"},\"inLanguage\":\"fr-FR\",\"potentialAction\":[{\"@type\":\"ReadAction\",\"target\":[\"https:\/\/www.what-brest.com\/index.php\/offre-pour-les-groupes\/\"]}]},{\"@type\":\"BreadcrumbList\",\"@id\":\"https:\/\/www.what-brest.com\/index.php\/offre-pour-les-groupes\/#breadcrumb\",\"itemListElement\":[{\"@type\":\"ListItem\",\"position\":1,\"name\":\"Accueil\",\"item\":\"https:\/\/www.what-brest.com\/\"},{\"@type\":\"ListItem\",\"position\":2,\"name\":\"Offre pour les groupes\"}]},{\"@type\":\"WebSite\",\"@id\":\"https:\/\/www.what-brest.com\/#website\",\"url\":\"https:\/\/www.what-brest.com\/\",\"name\":\"What\",\"description\":\"Drink, Food &amp; Fun\",\"publisher\":{\"@id\":\"https:\/\/www.what-brest.com\/#organization\"},\"potentialAction\":[{\"@type\":\"SearchAction\",\"target\":{\"@type\":\"EntryPoint\",\"urlTemplate\":\"https:\/\/www.what-brest.com\/?s={search_term_string}\"},\"query-input\":\"required name=search_term_string\"}],\"inLanguage\":\"fr-FR\"},{\"@type\":\"Organization\",\"@id\":\"https:\/\/www.what-brest.com\/#organization\",\"name\":\"What\",\"url\":\"https:\/\/www.what-brest.com\/\",\"logo\":{\"@type\":\"ImageObject\",\"inLanguage\":\"fr-FR\",\"@id\":\"https:\/\/www.what-brest.com\/#\/schema\/logo\/image\/\",\"url\":\"https:\/\/www.what-brest.com\/wp-content\/uploads\/2021\/12\/241928712_213586507470295_6076625751205591573_n-1.jpg\",\"contentUrl\":\"https:\/\/www.what-brest.com\/wp-content\/uploads\/2021\/12\/241928712_213586507470295_6076625751205591573_n-1.jpg\",\"width\":2048,\"height\":2048,\"caption\":\"What\"},\"image\":{\"@id\":\"https:\/\/www.what-brest.com\/#\/schema\/logo\/image\/\"},\"sameAs\":[\"https:\/\/www.facebook.com\/whatbrest\",\"https:\/\/www.instagram.com\/what_brest\/?hl=fr\"]}]}<\/script>\n<!-- \/ Yoast SEO plugin. -->","yoast_head_json":{"title":"Offre pour les groupes - What","robots":{"index":"index","follow":"follow","max-snippet":"max-snippet:-1","max-image-preview":"max-image-preview:large","max-video-preview":"max-video-preview:-1"},"canonical":"https:\/\/www.what-brest.com\/index.php\/offre-pour-les-groupes\/","og_locale":"fr_FR","og_type":"article","og_title":"Offre pour les groupes - What","og_url":"https:\/\/www.what-brest.com\/index.php\/offre-pour-les-groupes\/","og_site_name":"What","article_publisher":"https:\/\/www.facebook.com\/whatbrest","article_modified_time":"2025-05-22T12:47:25+00:00","twitter_card":"summary_large_image","twitter_misc":{"Dur\u00e9e de lecture estim\u00e9e":"2 minutes"},"schema":{"@context":"https:\/\/schema.org","@graph":[{"@type":"WebPage","@id":"https:\/\/www.what-brest.com\/index.php\/offre-pour-les-groupes\/","url":"https:\/\/www.what-brest.com\/index.php\/offre-pour-les-groupes\/","name":"Offre pour les groupes - What","isPartOf":{"@id":"https:\/\/www.what-brest.com\/#website"},"datePublished":"2024-04-24T14:35:04+00:00","dateModified":"2025-05-22T12:47:25+00:00","breadcrumb":{"@id":"https:\/\/www.what-brest.com\/index.php\/offre-pour-les-groupes\/#breadcrumb"},"inLanguage":"fr-FR","potentialAction":[{"@type":"ReadAction","target":["https:\/\/www.what-brest.com\/index.php\/offre-pour-les-groupes\/"]}]},{"@type":"BreadcrumbList","@id":"https:\/\/www.what-brest.com\/index.php\/offre-pour-les-groupes\/#breadcrumb","itemListElement":[{"@type":"ListItem","position":1,"name":"Accueil","item":"https:\/\/www.what-brest.com\/"},{"@type":"ListItem","position":2,"name":"Offre pour les groupes"}]},{"@type":"WebSite","@id":"https:\/\/www.what-brest.com\/#website","url":"https:\/\/www.what-brest.com\/","name":"What","description":"Drink, Food &amp; Fun","publisher":{"@id":"https:\/\/www.what-brest.com\/#organization"},"potentialAction":[{"@type":"SearchAction","target":{"@type":"EntryPoint","urlTemplate":"https:\/\/www.what-brest.com\/?s={search_term_string}"},"query-input":"required name=search_term_string"}],"inLanguage":"fr-FR"},{"@type":"Organization","@id":"https:\/\/www.what-brest.com\/#organization","name":"What","url":"https:\/\/www.what-brest.com\/","logo":{"@type":"ImageObject","inLanguage":"fr-FR","@id":"https:\/\/www.what-brest.com\/#\/schema\/logo\/image\/","url":"https:\/\/www.what-brest.com\/wp-content\/uploads\/2021\/12\/241928712_213586507470295_6076625751205591573_n-1.jpg","contentUrl":"https:\/\/www.what-brest.com\/wp-content\/uploads\/2021\/12\/241928712_213586507470295_6076625751205591573_n-1.jpg","width":2048,"height":2048,"caption":"What"},"image":{"@id":"https:\/\/www.what-brest.com\/#\/schema\/logo\/image\/"},"sameAs":["https:\/\/www.facebook.com\/whatbrest","https:\/\/www.instagram.com\/what_brest\/?hl=fr"]}]}},"_links":{"self":[{"href":"https:\/\/www.what-brest.com\/index.php\/wp-json\/wp\/v2\/pages\/6790"}],"collection":[{"href":"https:\/\/www.what-brest.com\/index.php\/wp-json\/wp\/v2\/pages"}],"about":[{"href":"https:\/\/www.what-brest.com\/index.php\/wp-json\/wp\/v2\/types\/page"}],"author":[{"embeddable":true,"href":"https:\/\/www.what-brest.com\/index.php\/wp-json\/wp\/v2\/users\/1"}],"replies":[{"embeddable":true,"href":"https:\/\/www.what-brest.com\/index.php\/wp-json\/wp\/v2\/comments?post=6790"}],"version-history":[{"count":15,"href":"https:\/\/www.what-brest.com\/index.php\/wp-json\/wp\/v2\/pages\/6790\/revisions"}],"predecessor-version":[{"id":6988,"href":"https:\/\/www.what-brest.com\/index.php\/wp-json\/wp\/v2\/pages\/6790\/revisions\/6988"}],"wp:attachment":[{"href":"https:\/\/www.what-brest.com\/index.php\/wp-json\/wp\/v2\/media?parent=6790"}],"curies":[{"name":"wp","href":"https:\/\/api.w.org\/{rel}","templated":true}]}}