{"id":4856,"date":"2022-04-04T14:25:23","date_gmt":"2022-04-04T12:25:23","guid":{"rendered":"https:\/\/www.what-brest.com\/?page_id=4856"},"modified":"2025-05-26T09:45:39","modified_gmt":"2025-05-26T07:45:39","slug":"flechettes","status":"publish","type":"page","link":"https:\/\/www.what-brest.com\/index.php\/flechettes\/","title":{"rendered":"Fl\u00e9chettes"},"content":{"rendered":"<p><div class=\"fusion-fullwidth fullwidth-box fusion-builder-row-1 fusion-flex-container nonhundred-percent-fullwidth non-hundred-percent-height-scrolling\" style=\"--awb-border-radius-top-left:0px;--awb-border-radius-top-right:0px;--awb-border-radius-bottom-right:0px;--awb-border-radius-bottom-left:0px;--awb-flex-wrap:wrap;\" ><div class=\"fusion-builder-row fusion-row fusion-flex-align-items-flex-start fusion-flex-content-wrap\" style=\"max-width:1664px;margin-left: calc(-4% \/ 2 );margin-right: calc(-4% \/ 2 );\"><div class=\"fusion-layout-column fusion_builder_column fusion-builder-column-0 fusion_builder_column_1_1 1_1 fusion-flex-column\" style=\"--awb-bg-size:cover;--awb-width-large:100%;--awb-margin-top-large:0px;--awb-spacing-right-large:1.92%;--awb-margin-bottom-large:20px;--awb-spacing-left-large:1.92%;--awb-width-medium:100%;--awb-order-medium:0;--awb-spacing-right-medium:1.92%;--awb-spacing-left-medium:1.92%;--awb-width-small:100%;--awb-order-small:0;--awb-spacing-right-small:1.92%;--awb-spacing-left-small:1.92%;\"><div class=\"fusion-column-wrapper fusion-column-has-shadow fusion-flex-justify-content-flex-start fusion-content-layout-column\"><div class=\"fusion-title title fusion-title-1 fusion-title-text fusion-title-size-one\" style=\"--awb-font-size:45px;\"><div class=\"title-sep-container title-sep-container-left fusion-no-large-visibility fusion-no-medium-visibility fusion-no-small-visibility\"><div class=\"title-sep sep-single sep-solid\" style=\"border-color:#fbbe5e;\"><\/div><\/div><span class=\"awb-title-spacer fusion-no-large-visibility fusion-no-medium-visibility fusion-no-small-visibility\"><\/span><h1 class=\"fusion-title-heading title-heading-left fusion-responsive-typography-calculated\" style=\"margin:0;font-size:1em;--fontSize:45;line-height:1.41;\">Fl\u00e9chettes<\/h1><span class=\"awb-title-spacer\"><\/span><div class=\"title-sep-container title-sep-container-right\"><div class=\"title-sep sep-single sep-solid\" style=\"border-color:#fbbe5e;\"><\/div><\/div><\/div><\/div><\/div><\/div><\/div><div class=\"fusion-fullwidth fullwidth-box fusion-builder-row-2 fusion-flex-container nonhundred-percent-fullwidth non-hundred-percent-height-scrolling\" style=\"--awb-border-radius-top-left:0px;--awb-border-radius-top-right:0px;--awb-border-radius-bottom-right:0px;--awb-border-radius-bottom-left:0px;--awb-flex-wrap:wrap;\" ><div class=\"fusion-builder-row fusion-row fusion-flex-align-items-flex-start fusion-flex-content-wrap\" style=\"max-width:1664px;margin-left: calc(-4% \/ 2 );margin-right: calc(-4% \/ 2 );\"><div class=\"fusion-layout-column fusion_builder_column fusion-builder-column-1 fusion_builder_column_1_2 1_2 fusion-flex-column\" style=\"--awb-bg-size:cover;--awb-width-large:50%;--awb-margin-top-large:0px;--awb-spacing-right-large:3.84%;--awb-margin-bottom-large:20px;--awb-spacing-left-large:3.84%;--awb-width-medium:100%;--awb-order-medium:0;--awb-spacing-right-medium:1.92%;--awb-spacing-left-medium:1.92%;--awb-width-small:100%;--awb-order-small:0;--awb-spacing-right-small:1.92%;--awb-spacing-left-small:1.92%;\"><div class=\"fusion-column-wrapper fusion-column-has-shadow fusion-flex-justify-content-flex-start fusion-content-layout-column\"><div class=\"fusion-text fusion-text-1\"><p>Visez dans le mille et remportez la partie !<\/p>\n<p>Zoom sur le cricket :<br \/>\nChaque joueur lance \u00e0 tour de r\u00f4le 3 fl\u00e9chettes<br \/>\nLe but est de faire trois 15, trois 16, trois 17, trois 18, trois 19, trois 20 et trois bulls<br \/>\nUn double compte 2, et un triple compte 3<br \/>\nLe premier qui ferme toutes les valeurs gagne.<\/p>\n<p>1\u20ac les deux cr\u00e9dits, 2\u20ac les 6 cr\u00e9dits. En libre-service.<\/p>\n<\/div><\/div><\/div><div class=\"fusion-layout-column fusion_builder_column fusion-builder-column-2 fusion_builder_column_1_2 1_2 fusion-flex-column\" style=\"--awb-bg-size:cover;--awb-width-large:50%;--awb-margin-top-large:0px;--awb-spacing-right-large:3.84%;--awb-margin-bottom-large:20px;--awb-spacing-left-large:3.84%;--awb-width-medium:100%;--awb-order-medium:0;--awb-spacing-right-medium:1.92%;--awb-spacing-left-medium:1.92%;--awb-width-small:100%;--awb-order-small:0;--awb-spacing-right-small:1.92%;--awb-spacing-left-small:1.92%;\"><div class=\"fusion-column-wrapper fusion-column-has-shadow fusion-flex-justify-content-flex-start fusion-content-layout-column\"><div class=\"fusion-image-element \" style=\"text-align:center;--awb-caption-title-font-family:var(--h2_typography-font-family);--awb-caption-title-font-weight:var(--h2_typography-font-weight);--awb-caption-title-font-style:var(--h2_typography-font-style);--awb-caption-title-size:var(--h2_typography-font-size);--awb-caption-title-transform:var(--h2_typography-text-transform);--awb-caption-title-line-height:var(--h2_typography-line-height);--awb-caption-title-letter-spacing:var(--h2_typography-letter-spacing);\"><span class=\" fusion-imageframe imageframe-none imageframe-1 hover-type-none\"><a class=\"fusion-no-lightbox\" href=\"https:\/\/www.what-brest.com\/index.php\/fun\/\" target=\"_self\" aria-label=\"flechettes\"><img decoding=\"async\" width=\"250\" height=\"250\" data-src=\"https:\/\/www.what-brest.com\/wp-content\/uploads\/2021\/07\/flechettes.png\" alt class=\"img-responsive wp-image-3783 lazyload\" data-srcset=\"https:\/\/www.what-brest.com\/wp-content\/uploads\/2021\/07\/flechettes-200x200.png 200w, https:\/\/www.what-brest.com\/wp-content\/uploads\/2021\/07\/flechettes.png 250w\" data-sizes=\"(max-width: 850px) 100vw, (max-width: 640px) 100vw, 250px\" src=\"data:image\/gif;base64,R0lGODlhAQABAAAAACH5BAEKAAEALAAAAAABAAEAAAICTAEAOw==\" style=\"--smush-placeholder-width: 250px; --smush-placeholder-aspect-ratio: 250\/250;\" \/><noscript><img decoding=\"async\" width=\"250\" height=\"250\" src=\"https:\/\/www.what-brest.com\/wp-content\/uploads\/2021\/07\/flechettes.png\" alt class=\"img-responsive wp-image-3783\" srcset=\"https:\/\/www.what-brest.com\/wp-content\/uploads\/2021\/07\/flechettes-200x200.png 200w, https:\/\/www.what-brest.com\/wp-content\/uploads\/2021\/07\/flechettes.png 250w\" sizes=\"(max-width: 850px) 100vw, (max-width: 640px) 100vw, 250px\" \/><\/noscript><\/a><\/span><\/div><\/div><\/div><\/div><\/div><div class=\"fusion-fullwidth fullwidth-box fusion-builder-row-3 fusion-flex-container hundred-percent-fullwidth non-hundred-percent-height-scrolling\" style=\"--awb-background-blend-mode:overlay;--awb-border-sizes-top:0px;--awb-border-sizes-bottom:0px;--awb-border-sizes-left:0px;--awb-border-sizes-right:0px;--awb-border-radius-top-left:0px;--awb-border-radius-top-right:0px;--awb-border-radius-bottom-right:0px;--awb-border-radius-bottom-left:0px;--awb-padding-top:0px;--awb-padding-right:0px;--awb-padding-bottom:0px;--awb-padding-left:0px;--awb-background-color:rgba(255,255,255,0);--awb-flex-wrap:wrap;\" ><div class=\"fusion-builder-row fusion-row fusion-flex-align-items-flex-start fusion-flex-content-wrap\" style=\"width:calc( 100% + 0px ) !important;max-width:calc( 100% + 0px ) !important;margin-left: calc(-0px \/ 2 );margin-right: calc(-0px \/ 2 );\"><div class=\"fusion-layout-column fusion_builder_column fusion-builder-column-3 fusion_builder_column_1_1 1_1 fusion-flex-column fusion-flex-align-self-flex-start fusion-column-no-min-height\" style=\"--awb-bg-size:cover;--awb-width-large:100%;--awb-margin-top-large:0px;--awb-spacing-right-large:0px;--awb-margin-bottom-large:0px;--awb-spacing-left-large:0px;--awb-width-medium:100%;--awb-order-medium:0;--awb-spacing-right-medium:0px;--awb-spacing-left-medium:0px;--awb-width-small:100%;--awb-order-small:0;--awb-spacing-right-small:0px;--awb-spacing-left-small:0px;\"><div class=\"fusion-column-wrapper fusion-column-has-shadow fusion-flex-justify-content-flex-end fusion-content-layout-column\"><\/div><\/div><\/div><\/div>\n<\/p>\n","protected":false},"excerpt":{"rendered":"","protected":false},"author":1,"featured_media":0,"parent":0,"menu_order":0,"comment_status":"closed","ping_status":"closed","template":"","meta":{"_monsterinsights_skip_tracking":false,"_monsterinsights_sitenote_active":false,"_monsterinsights_sitenote_note":"","_monsterinsights_sitenote_category":0,"footnotes":""},"yoast_head":"<!-- This site is optimized with the Yoast SEO plugin v22.7 - https:\/\/yoast.com\/wordpress\/plugins\/seo\/ -->\n<title>Fl\u00e9chettes - What<\/title>\n<meta name=\"robots\" content=\"index, follow, max-snippet:-1, max-image-preview:large, max-video-preview:-1\" \/>\n<link rel=\"canonical\" href=\"https:\/\/www.what-brest.com\/index.php\/flechettes\/\" \/>\n<meta property=\"og:locale\" content=\"fr_FR\" \/>\n<meta property=\"og:type\" content=\"article\" \/>\n<meta property=\"og:title\" content=\"Fl\u00e9chettes - What\" \/>\n<meta property=\"og:url\" content=\"https:\/\/www.what-brest.com\/index.php\/flechettes\/\" \/>\n<meta property=\"og:site_name\" content=\"What\" \/>\n<meta property=\"article:publisher\" content=\"https:\/\/www.facebook.com\/whatbrest\" \/>\n<meta property=\"article:modified_time\" content=\"2025-05-26T07:45:39+00:00\" \/>\n<meta name=\"twitter:card\" content=\"summary_large_image\" \/>\n<meta name=\"twitter:label1\" content=\"Dur\u00e9e de lecture estim\u00e9e\" \/>\n\t<meta name=\"twitter:data1\" content=\"1 minute\" \/>\n<script type=\"application\/ld+json\" class=\"yoast-schema-graph\">{\"@context\":\"https:\/\/schema.org\",\"@graph\":[{\"@type\":\"WebPage\",\"@id\":\"https:\/\/www.what-brest.com\/index.php\/flechettes\/\",\"url\":\"https:\/\/www.what-brest.com\/index.php\/flechettes\/\",\"name\":\"Fl\u00e9chettes - What\",\"isPartOf\":{\"@id\":\"https:\/\/www.what-brest.com\/#website\"},\"datePublished\":\"2022-04-04T12:25:23+00:00\",\"dateModified\":\"2025-05-26T07:45:39+00:00\",\"breadcrumb\":{\"@id\":\"https:\/\/www.what-brest.com\/index.php\/flechettes\/#breadcrumb\"},\"inLanguage\":\"fr-FR\",\"potentialAction\":[{\"@type\":\"ReadAction\",\"target\":[\"https:\/\/www.what-brest.com\/index.php\/flechettes\/\"]}]},{\"@type\":\"BreadcrumbList\",\"@id\":\"https:\/\/www.what-brest.com\/index.php\/flechettes\/#breadcrumb\",\"itemListElement\":[{\"@type\":\"ListItem\",\"position\":1,\"name\":\"Accueil\",\"item\":\"https:\/\/www.what-brest.com\/\"},{\"@type\":\"ListItem\",\"position\":2,\"name\":\"Fl\u00e9chettes\"}]},{\"@type\":\"WebSite\",\"@id\":\"https:\/\/www.what-brest.com\/#website\",\"url\":\"https:\/\/www.what-brest.com\/\",\"name\":\"What\",\"description\":\"Drink, Food &amp; Fun\",\"publisher\":{\"@id\":\"https:\/\/www.what-brest.com\/#organization\"},\"potentialAction\":[{\"@type\":\"SearchAction\",\"target\":{\"@type\":\"EntryPoint\",\"urlTemplate\":\"https:\/\/www.what-brest.com\/?s={search_term_string}\"},\"query-input\":\"required name=search_term_string\"}],\"inLanguage\":\"fr-FR\"},{\"@type\":\"Organization\",\"@id\":\"https:\/\/www.what-brest.com\/#organization\",\"name\":\"What\",\"url\":\"https:\/\/www.what-brest.com\/\",\"logo\":{\"@type\":\"ImageObject\",\"inLanguage\":\"fr-FR\",\"@id\":\"https:\/\/www.what-brest.com\/#\/schema\/logo\/image\/\",\"url\":\"https:\/\/www.what-brest.com\/wp-content\/uploads\/2021\/12\/241928712_213586507470295_6076625751205591573_n-1.jpg\",\"contentUrl\":\"https:\/\/www.what-brest.com\/wp-content\/uploads\/2021\/12\/241928712_213586507470295_6076625751205591573_n-1.jpg\",\"width\":2048,\"height\":2048,\"caption\":\"What\"},\"image\":{\"@id\":\"https:\/\/www.what-brest.com\/#\/schema\/logo\/image\/\"},\"sameAs\":[\"https:\/\/www.facebook.com\/whatbrest\",\"https:\/\/www.instagram.com\/what_brest\/?hl=fr\"]}]}<\/script>\n<!-- \/ Yoast SEO plugin. -->","yoast_head_json":{"title":"Fl\u00e9chettes - What","robots":{"index":"index","follow":"follow","max-snippet":"max-snippet:-1","max-image-preview":"max-image-preview:large","max-video-preview":"max-video-preview:-1"},"canonical":"https:\/\/www.what-brest.com\/index.php\/flechettes\/","og_locale":"fr_FR","og_type":"article","og_title":"Fl\u00e9chettes - What","og_url":"https:\/\/www.what-brest.com\/index.php\/flechettes\/","og_site_name":"What","article_publisher":"https:\/\/www.facebook.com\/whatbrest","article_modified_time":"2025-05-26T07:45:39+00:00","twitter_card":"summary_large_image","twitter_misc":{"Dur\u00e9e de lecture estim\u00e9e":"1 minute"},"schema":{"@context":"https:\/\/schema.org","@graph":[{"@type":"WebPage","@id":"https:\/\/www.what-brest.com\/index.php\/flechettes\/","url":"https:\/\/www.what-brest.com\/index.php\/flechettes\/","name":"Fl\u00e9chettes - What","isPartOf":{"@id":"https:\/\/www.what-brest.com\/#website"},"datePublished":"2022-04-04T12:25:23+00:00","dateModified":"2025-05-26T07:45:39+00:00","breadcrumb":{"@id":"https:\/\/www.what-brest.com\/index.php\/flechettes\/#breadcrumb"},"inLanguage":"fr-FR","potentialAction":[{"@type":"ReadAction","target":["https:\/\/www.what-brest.com\/index.php\/flechettes\/"]}]},{"@type":"BreadcrumbList","@id":"https:\/\/www.what-brest.com\/index.php\/flechettes\/#breadcrumb","itemListElement":[{"@type":"ListItem","position":1,"name":"Accueil","item":"https:\/\/www.what-brest.com\/"},{"@type":"ListItem","position":2,"name":"Fl\u00e9chettes"}]},{"@type":"WebSite","@id":"https:\/\/www.what-brest.com\/#website","url":"https:\/\/www.what-brest.com\/","name":"What","description":"Drink, Food &amp; Fun","publisher":{"@id":"https:\/\/www.what-brest.com\/#organization"},"potentialAction":[{"@type":"SearchAction","target":{"@type":"EntryPoint","urlTemplate":"https:\/\/www.what-brest.com\/?s={search_term_string}"},"query-input":"required name=search_term_string"}],"inLanguage":"fr-FR"},{"@type":"Organization","@id":"https:\/\/www.what-brest.com\/#organization","name":"What","url":"https:\/\/www.what-brest.com\/","logo":{"@type":"ImageObject","inLanguage":"fr-FR","@id":"https:\/\/www.what-brest.com\/#\/schema\/logo\/image\/","url":"https:\/\/www.what-brest.com\/wp-content\/uploads\/2021\/12\/241928712_213586507470295_6076625751205591573_n-1.jpg","contentUrl":"https:\/\/www.what-brest.com\/wp-content\/uploads\/2021\/12\/241928712_213586507470295_6076625751205591573_n-1.jpg","width":2048,"height":2048,"caption":"What"},"image":{"@id":"https:\/\/www.what-brest.com\/#\/schema\/logo\/image\/"},"sameAs":["https:\/\/www.facebook.com\/whatbrest","https:\/\/www.instagram.com\/what_brest\/?hl=fr"]}]}},"_links":{"self":[{"href":"https:\/\/www.what-brest.com\/index.php\/wp-json\/wp\/v2\/pages\/4856"}],"collection":[{"href":"https:\/\/www.what-brest.com\/index.php\/wp-json\/wp\/v2\/pages"}],"about":[{"href":"https:\/\/www.what-brest.com\/index.php\/wp-json\/wp\/v2\/types\/page"}],"author":[{"embeddable":true,"href":"https:\/\/www.what-brest.com\/index.php\/wp-json\/wp\/v2\/users\/1"}],"replies":[{"embeddable":true,"href":"https:\/\/www.what-brest.com\/index.php\/wp-json\/wp\/v2\/comments?post=4856"}],"version-history":[{"count":32,"href":"https:\/\/www.what-brest.com\/index.php\/wp-json\/wp\/v2\/pages\/4856\/revisions"}],"predecessor-version":[{"id":6999,"href":"https:\/\/www.what-brest.com\/index.php\/wp-json\/wp\/v2\/pages\/4856\/revisions\/6999"}],"wp:attachment":[{"href":"https:\/\/www.what-brest.com\/index.php\/wp-json\/wp\/v2\/media?parent=4856"}],"curies":[{"name":"wp","href":"https:\/\/api.w.org\/{rel}","templated":true}]}}