{"id":4848,"date":"2022-04-04T14:24:17","date_gmt":"2022-04-04T12:24:17","guid":{"rendered":"https:\/\/www.what-brest.com\/?page_id=4848"},"modified":"2025-12-08T10:47:03","modified_gmt":"2025-12-08T09:47:03","slug":"plats","status":"publish","type":"page","link":"https:\/\/www.what-brest.com\/index.php\/plats\/","title":{"rendered":"Cuisine"},"content":{"rendered":"<div class=\"fusion-fullwidth fullwidth-box fusion-builder-row-1 fusion-flex-container nonhundred-percent-fullwidth non-hundred-percent-height-scrolling\" style=\"--awb-border-radius-top-left:0px;--awb-border-radius-top-right:0px;--awb-border-radius-bottom-right:0px;--awb-border-radius-bottom-left:0px;--awb-flex-wrap:wrap;\" ><div class=\"fusion-builder-row fusion-row fusion-flex-align-items-flex-start fusion-flex-content-wrap\" style=\"max-width:1664px;margin-left: calc(-4% \/ 2 );margin-right: calc(-4% \/ 2 );\"><div class=\"fusion-layout-column fusion_builder_column fusion-builder-column-0 fusion_builder_column_1_1 1_1 fusion-flex-column\" style=\"--awb-bg-size:cover;--awb-width-large:100%;--awb-margin-top-large:0px;--awb-spacing-right-large:1.92%;--awb-margin-bottom-large:20px;--awb-spacing-left-large:1.92%;--awb-width-medium:100%;--awb-order-medium:0;--awb-spacing-right-medium:1.92%;--awb-spacing-left-medium:1.92%;--awb-width-small:100%;--awb-order-small:0;--awb-spacing-right-small:1.92%;--awb-spacing-left-small:1.92%;\"><div class=\"fusion-column-wrapper fusion-column-has-shadow fusion-flex-justify-content-flex-start fusion-content-layout-column\"><div class=\"fusion-title title fusion-title-1 fusion-title-text fusion-title-size-one\" style=\"--awb-font-size:45px;\"><div class=\"title-sep-container title-sep-container-left fusion-no-large-visibility fusion-no-medium-visibility fusion-no-small-visibility\"><div class=\"title-sep sep-single sep-solid\" style=\"border-color:#fbbe5e;\"><\/div><\/div><span class=\"awb-title-spacer fusion-no-large-visibility fusion-no-medium-visibility fusion-no-small-visibility\"><\/span><h1 class=\"fusion-title-heading title-heading-left fusion-responsive-typography-calculated\" style=\"margin:0;font-size:1em;--fontSize:45;line-height:1.41;\">Cuisine<\/h1><span class=\"awb-title-spacer\"><\/span><div class=\"title-sep-container title-sep-container-right\"><div class=\"title-sep sep-single sep-solid\" style=\"border-color:#fbbe5e;\"><\/div><\/div><\/div><div class=\"fusion-text fusion-text-1\"><p style=\"text-align: center;\">Le What Kergaradec, c\u2019est aussi un restaurant ouvert 6 jours sur 7, qui vous propose une carte g\u00e9n\u00e9reuse et vari\u00e9e, \u00e9labor\u00e9e \u00e0 partir de produits frais et d\u2019une cuisine maison pens\u00e9e pour ravir vos papilles.<\/p>\n<p style=\"text-align: center;\">Le midi, laissez-vous s\u00e9duire par nos burgers gourmands, nos pok\u00e9s color\u00e9s, nos pizzas savoureuses ou encore les menus du jour imagin\u00e9s par notre chef Manu.<\/p>\n<p style=\"text-align: center;\">Le soir, place \u00e0 l\u2019Italie ! Nos pizza\u00efolos prennent le relais pour vous faire d\u00e9couvrir leurs sp\u00e9cialit\u00e9s, entre bruschettas et pizzas authentiques.<\/p>\n<\/div><div style=\"text-align:center;\"><a class=\"fusion-button button-flat fusion-button-default-size button-default fusion-button-default button-1 fusion-button-default-span fusion-button-default-type\" target=\"_blank\" rel=\"noopener noreferrer\" title=\"Restauration What Brest Kergaradec\" aria-label=\"Restauration What Brest Kergaradec\" href=\"https:\/\/www.what-brest.com\/wp-content\/uploads\/2025\/12\/Carte-midi-hivers-2025.pdf\"><span class=\"fusion-button-text\">La carte du midi<\/span><\/a><\/div><div class=\"fusion-separator fusion-full-width-sep\" style=\"align-self: center;margin-left: auto;margin-right: auto;width:100%;\"><div class=\"fusion-separator-border sep-double\" style=\"--awb-height:20px;--awb-amount:20px;--awb-sep-color:#000000;border-color:#000000;border-top-width:1px;border-bottom-width:1px;\"><\/div><\/div><div style=\"text-align:center;\"><a class=\"fusion-button button-flat fusion-button-default-size button-default fusion-button-default button-2 fusion-button-default-span fusion-button-default-type\" target=\"_blank\" rel=\"noopener noreferrer\" title=\"Restauration What Brest Kergaradec\" aria-label=\"Restauration What Brest Kergaradec\" href=\"https:\/\/www.what-brest.com\/wp-content\/uploads\/2025\/07\/soir.pdf\"><span class=\"fusion-button-text\">La carte du soir<\/span><\/a><\/div><div class=\"fusion-separator fusion-full-width-sep\" style=\"align-self: center;margin-left: auto;margin-right: auto;width:100%;\"><div class=\"fusion-separator-border sep-double\" style=\"--awb-height:20px;--awb-amount:20px;--awb-sep-color:#000000;border-color:#000000;border-top-width:1px;border-bottom-width:1px;\"><\/div><\/div><div class=\"fusion-separator fusion-full-width-sep\" style=\"align-self: center;margin-left: auto;margin-right: auto;width:100%;\"><div class=\"fusion-separator-border sep-double\" style=\"--awb-height:20px;--awb-amount:20px;--awb-sep-color:#000000;border-color:#000000;border-top-width:1px;border-bottom-width:1px;\"><\/div><\/div><div class=\"fusion-slider-sc\"><div class=\"fusion-flexslider-loading flexslider flexslider-hover-type-none\" data-slideshow_autoplay=\"1\" data-slideshow_smooth_height=\"0\" data-slideshow_speed=\"7000\" style=\"max-width:100%;height:100%;\"><ul class=\"slides\"><li class=\"image\"><span class=\"fusion-image-hover-element hover-type-none\"><img decoding=\"async\" data-src=\"https:\/\/www.what-brest.com\/wp-content\/uploads\/2025\/06\/burger-what-1.jpg\" width=\"1920\" height=\"1080\" class=\"wp-image-7016 lazyload\" data-srcset=\"https:\/\/www.what-brest.com\/wp-content\/uploads\/2025\/06\/burger-what-1-200x113.jpg 200w, https:\/\/www.what-brest.com\/wp-content\/uploads\/2025\/06\/burger-what-1-400x225.jpg 400w, https:\/\/www.what-brest.com\/wp-content\/uploads\/2025\/06\/burger-what-1-600x338.jpg 600w, https:\/\/www.what-brest.com\/wp-content\/uploads\/2025\/06\/burger-what-1-800x450.jpg 800w, https:\/\/www.what-brest.com\/wp-content\/uploads\/2025\/06\/burger-what-1-1200x675.jpg 1200w, https:\/\/www.what-brest.com\/wp-content\/uploads\/2025\/06\/burger-what-1.jpg 1920w\" data-sizes=\"(max-width: 850px) 100vw, (max-width: 640px) 100vw, 1920px\" src=\"data:image\/gif;base64,R0lGODlhAQABAAAAACH5BAEKAAEALAAAAAABAAEAAAICTAEAOw==\" style=\"--smush-placeholder-width: 1920px; --smush-placeholder-aspect-ratio: 1920\/1080;\" \/><noscript><img decoding=\"async\" src=\"https:\/\/www.what-brest.com\/wp-content\/uploads\/2025\/06\/burger-what-1.jpg\" width=\"1920\" height=\"1080\" class=\"wp-image-7016\" srcset=\"https:\/\/www.what-brest.com\/wp-content\/uploads\/2025\/06\/burger-what-1-200x113.jpg 200w, https:\/\/www.what-brest.com\/wp-content\/uploads\/2025\/06\/burger-what-1-400x225.jpg 400w, https:\/\/www.what-brest.com\/wp-content\/uploads\/2025\/06\/burger-what-1-600x338.jpg 600w, https:\/\/www.what-brest.com\/wp-content\/uploads\/2025\/06\/burger-what-1-800x450.jpg 800w, https:\/\/www.what-brest.com\/wp-content\/uploads\/2025\/06\/burger-what-1-1200x675.jpg 1200w, https:\/\/www.what-brest.com\/wp-content\/uploads\/2025\/06\/burger-what-1.jpg 1920w\" sizes=\"(max-width: 850px) 100vw, (max-width: 640px) 100vw, 1920px\" \/><\/noscript><\/span><\/li><li class=\"image\"><span class=\"fusion-image-hover-element hover-type-none\"><img decoding=\"async\" data-src=\"https:\/\/www.what-brest.com\/wp-content\/uploads\/2025\/06\/tarte-chocolat-what.jpg\" width=\"1920\" height=\"1080\" class=\"wp-image-7032 lazyload\" data-srcset=\"https:\/\/www.what-brest.com\/wp-content\/uploads\/2025\/06\/tarte-chocolat-what-200x113.jpg 200w, https:\/\/www.what-brest.com\/wp-content\/uploads\/2025\/06\/tarte-chocolat-what-400x225.jpg 400w, https:\/\/www.what-brest.com\/wp-content\/uploads\/2025\/06\/tarte-chocolat-what-600x338.jpg 600w, https:\/\/www.what-brest.com\/wp-content\/uploads\/2025\/06\/tarte-chocolat-what-800x450.jpg 800w, https:\/\/www.what-brest.com\/wp-content\/uploads\/2025\/06\/tarte-chocolat-what-1200x675.jpg 1200w, https:\/\/www.what-brest.com\/wp-content\/uploads\/2025\/06\/tarte-chocolat-what.jpg 1920w\" data-sizes=\"(max-width: 850px) 100vw, (max-width: 640px) 100vw, 1920px\" src=\"data:image\/gif;base64,R0lGODlhAQABAAAAACH5BAEKAAEALAAAAAABAAEAAAICTAEAOw==\" style=\"--smush-placeholder-width: 1920px; --smush-placeholder-aspect-ratio: 1920\/1080;\" \/><noscript><img decoding=\"async\" src=\"https:\/\/www.what-brest.com\/wp-content\/uploads\/2025\/06\/tarte-chocolat-what.jpg\" width=\"1920\" height=\"1080\" class=\"wp-image-7032\" srcset=\"https:\/\/www.what-brest.com\/wp-content\/uploads\/2025\/06\/tarte-chocolat-what-200x113.jpg 200w, https:\/\/www.what-brest.com\/wp-content\/uploads\/2025\/06\/tarte-chocolat-what-400x225.jpg 400w, https:\/\/www.what-brest.com\/wp-content\/uploads\/2025\/06\/tarte-chocolat-what-600x338.jpg 600w, https:\/\/www.what-brest.com\/wp-content\/uploads\/2025\/06\/tarte-chocolat-what-800x450.jpg 800w, https:\/\/www.what-brest.com\/wp-content\/uploads\/2025\/06\/tarte-chocolat-what-1200x675.jpg 1200w, https:\/\/www.what-brest.com\/wp-content\/uploads\/2025\/06\/tarte-chocolat-what.jpg 1920w\" sizes=\"(max-width: 850px) 100vw, (max-width: 640px) 100vw, 1920px\" \/><\/noscript><\/span><\/li><li class=\"image\"><span class=\"fusion-image-hover-element hover-type-none\"><img decoding=\"async\" data-src=\"https:\/\/www.what-brest.com\/wp-content\/uploads\/2025\/06\/poke-thon-what.jpg\" width=\"1920\" height=\"1080\" class=\"wp-image-7029 lazyload\" data-srcset=\"https:\/\/www.what-brest.com\/wp-content\/uploads\/2025\/06\/poke-thon-what-200x113.jpg 200w, https:\/\/www.what-brest.com\/wp-content\/uploads\/2025\/06\/poke-thon-what-400x225.jpg 400w, https:\/\/www.what-brest.com\/wp-content\/uploads\/2025\/06\/poke-thon-what-600x338.jpg 600w, https:\/\/www.what-brest.com\/wp-content\/uploads\/2025\/06\/poke-thon-what-800x450.jpg 800w, https:\/\/www.what-brest.com\/wp-content\/uploads\/2025\/06\/poke-thon-what-1200x675.jpg 1200w, https:\/\/www.what-brest.com\/wp-content\/uploads\/2025\/06\/poke-thon-what.jpg 1920w\" data-sizes=\"(max-width: 850px) 100vw, (max-width: 640px) 100vw, 1920px\" src=\"data:image\/gif;base64,R0lGODlhAQABAAAAACH5BAEKAAEALAAAAAABAAEAAAICTAEAOw==\" style=\"--smush-placeholder-width: 1920px; --smush-placeholder-aspect-ratio: 1920\/1080;\" \/><noscript><img decoding=\"async\" src=\"https:\/\/www.what-brest.com\/wp-content\/uploads\/2025\/06\/poke-thon-what.jpg\" width=\"1920\" height=\"1080\" class=\"wp-image-7029\" srcset=\"https:\/\/www.what-brest.com\/wp-content\/uploads\/2025\/06\/poke-thon-what-200x113.jpg 200w, https:\/\/www.what-brest.com\/wp-content\/uploads\/2025\/06\/poke-thon-what-400x225.jpg 400w, https:\/\/www.what-brest.com\/wp-content\/uploads\/2025\/06\/poke-thon-what-600x338.jpg 600w, https:\/\/www.what-brest.com\/wp-content\/uploads\/2025\/06\/poke-thon-what-800x450.jpg 800w, https:\/\/www.what-brest.com\/wp-content\/uploads\/2025\/06\/poke-thon-what-1200x675.jpg 1200w, https:\/\/www.what-brest.com\/wp-content\/uploads\/2025\/06\/poke-thon-what.jpg 1920w\" sizes=\"(max-width: 850px) 100vw, (max-width: 640px) 100vw, 1920px\" \/><\/noscript><\/span><\/li><li class=\"image\"><span class=\"fusion-image-hover-element hover-type-none\"><img decoding=\"async\" data-src=\"https:\/\/www.what-brest.com\/wp-content\/uploads\/2025\/06\/cafe-gourmand-what-1.jpg\" width=\"1920\" height=\"1080\" class=\"wp-image-7017 lazyload\" data-srcset=\"https:\/\/www.what-brest.com\/wp-content\/uploads\/2025\/06\/cafe-gourmand-what-1-200x113.jpg 200w, https:\/\/www.what-brest.com\/wp-content\/uploads\/2025\/06\/cafe-gourmand-what-1-400x225.jpg 400w, https:\/\/www.what-brest.com\/wp-content\/uploads\/2025\/06\/cafe-gourmand-what-1-600x338.jpg 600w, https:\/\/www.what-brest.com\/wp-content\/uploads\/2025\/06\/cafe-gourmand-what-1-800x450.jpg 800w, https:\/\/www.what-brest.com\/wp-content\/uploads\/2025\/06\/cafe-gourmand-what-1-1200x675.jpg 1200w, https:\/\/www.what-brest.com\/wp-content\/uploads\/2025\/06\/cafe-gourmand-what-1.jpg 1920w\" data-sizes=\"(max-width: 850px) 100vw, (max-width: 640px) 100vw, 1920px\" src=\"data:image\/gif;base64,R0lGODlhAQABAAAAACH5BAEKAAEALAAAAAABAAEAAAICTAEAOw==\" style=\"--smush-placeholder-width: 1920px; --smush-placeholder-aspect-ratio: 1920\/1080;\" \/><noscript><img decoding=\"async\" src=\"https:\/\/www.what-brest.com\/wp-content\/uploads\/2025\/06\/cafe-gourmand-what-1.jpg\" width=\"1920\" height=\"1080\" class=\"wp-image-7017\" srcset=\"https:\/\/www.what-brest.com\/wp-content\/uploads\/2025\/06\/cafe-gourmand-what-1-200x113.jpg 200w, https:\/\/www.what-brest.com\/wp-content\/uploads\/2025\/06\/cafe-gourmand-what-1-400x225.jpg 400w, https:\/\/www.what-brest.com\/wp-content\/uploads\/2025\/06\/cafe-gourmand-what-1-600x338.jpg 600w, https:\/\/www.what-brest.com\/wp-content\/uploads\/2025\/06\/cafe-gourmand-what-1-800x450.jpg 800w, https:\/\/www.what-brest.com\/wp-content\/uploads\/2025\/06\/cafe-gourmand-what-1-1200x675.jpg 1200w, https:\/\/www.what-brest.com\/wp-content\/uploads\/2025\/06\/cafe-gourmand-what-1.jpg 1920w\" sizes=\"(max-width: 850px) 100vw, (max-width: 640px) 100vw, 1920px\" \/><\/noscript><\/span><\/li><\/ul><\/div><\/div><\/div><\/div><\/div><\/div>\n\n","protected":false},"excerpt":{"rendered":"","protected":false},"author":1,"featured_media":0,"parent":0,"menu_order":0,"comment_status":"closed","ping_status":"closed","template":"","meta":{"_monsterinsights_skip_tracking":false,"_monsterinsights_sitenote_active":false,"_monsterinsights_sitenote_note":"","_monsterinsights_sitenote_category":0,"footnotes":""},"yoast_head":"<!-- This site is optimized with the Yoast SEO plugin v22.7 - https:\/\/yoast.com\/wordpress\/plugins\/seo\/ -->\n<title>Cuisine - What<\/title>\n<meta name=\"robots\" content=\"index, follow, max-snippet:-1, max-image-preview:large, max-video-preview:-1\" \/>\n<link rel=\"canonical\" href=\"https:\/\/www.what-brest.com\/index.php\/plats\/\" \/>\n<meta property=\"og:locale\" content=\"fr_FR\" \/>\n<meta property=\"og:type\" content=\"article\" \/>\n<meta property=\"og:title\" content=\"Cuisine - What\" \/>\n<meta property=\"og:url\" content=\"https:\/\/www.what-brest.com\/index.php\/plats\/\" \/>\n<meta property=\"og:site_name\" content=\"What\" \/>\n<meta property=\"article:publisher\" content=\"https:\/\/www.facebook.com\/whatbrest\" \/>\n<meta property=\"article:modified_time\" content=\"2025-12-08T09:47:03+00:00\" \/>\n<meta name=\"twitter:card\" content=\"summary_large_image\" \/>\n<meta name=\"twitter:label1\" content=\"Dur\u00e9e de lecture estim\u00e9e\" \/>\n\t<meta name=\"twitter:data1\" content=\"2 minutes\" \/>\n<script type=\"application\/ld+json\" class=\"yoast-schema-graph\">{\"@context\":\"https:\/\/schema.org\",\"@graph\":[{\"@type\":\"WebPage\",\"@id\":\"https:\/\/www.what-brest.com\/index.php\/plats\/\",\"url\":\"https:\/\/www.what-brest.com\/index.php\/plats\/\",\"name\":\"Cuisine - What\",\"isPartOf\":{\"@id\":\"https:\/\/www.what-brest.com\/#website\"},\"datePublished\":\"2022-04-04T12:24:17+00:00\",\"dateModified\":\"2025-12-08T09:47:03+00:00\",\"breadcrumb\":{\"@id\":\"https:\/\/www.what-brest.com\/index.php\/plats\/#breadcrumb\"},\"inLanguage\":\"fr-FR\",\"potentialAction\":[{\"@type\":\"ReadAction\",\"target\":[\"https:\/\/www.what-brest.com\/index.php\/plats\/\"]}]},{\"@type\":\"BreadcrumbList\",\"@id\":\"https:\/\/www.what-brest.com\/index.php\/plats\/#breadcrumb\",\"itemListElement\":[{\"@type\":\"ListItem\",\"position\":1,\"name\":\"Accueil\",\"item\":\"https:\/\/www.what-brest.com\/\"},{\"@type\":\"ListItem\",\"position\":2,\"name\":\"Cuisine\"}]},{\"@type\":\"WebSite\",\"@id\":\"https:\/\/www.what-brest.com\/#website\",\"url\":\"https:\/\/www.what-brest.com\/\",\"name\":\"What\",\"description\":\"Drink, Food &amp; Fun\",\"publisher\":{\"@id\":\"https:\/\/www.what-brest.com\/#organization\"},\"potentialAction\":[{\"@type\":\"SearchAction\",\"target\":{\"@type\":\"EntryPoint\",\"urlTemplate\":\"https:\/\/www.what-brest.com\/?s={search_term_string}\"},\"query-input\":\"required name=search_term_string\"}],\"inLanguage\":\"fr-FR\"},{\"@type\":\"Organization\",\"@id\":\"https:\/\/www.what-brest.com\/#organization\",\"name\":\"What\",\"url\":\"https:\/\/www.what-brest.com\/\",\"logo\":{\"@type\":\"ImageObject\",\"inLanguage\":\"fr-FR\",\"@id\":\"https:\/\/www.what-brest.com\/#\/schema\/logo\/image\/\",\"url\":\"https:\/\/www.what-brest.com\/wp-content\/uploads\/2021\/12\/241928712_213586507470295_6076625751205591573_n-1.jpg\",\"contentUrl\":\"https:\/\/www.what-brest.com\/wp-content\/uploads\/2021\/12\/241928712_213586507470295_6076625751205591573_n-1.jpg\",\"width\":2048,\"height\":2048,\"caption\":\"What\"},\"image\":{\"@id\":\"https:\/\/www.what-brest.com\/#\/schema\/logo\/image\/\"},\"sameAs\":[\"https:\/\/www.facebook.com\/whatbrest\",\"https:\/\/www.instagram.com\/what_brest\/?hl=fr\"]}]}<\/script>\n<!-- \/ Yoast SEO plugin. -->","yoast_head_json":{"title":"Cuisine - What","robots":{"index":"index","follow":"follow","max-snippet":"max-snippet:-1","max-image-preview":"max-image-preview:large","max-video-preview":"max-video-preview:-1"},"canonical":"https:\/\/www.what-brest.com\/index.php\/plats\/","og_locale":"fr_FR","og_type":"article","og_title":"Cuisine - What","og_url":"https:\/\/www.what-brest.com\/index.php\/plats\/","og_site_name":"What","article_publisher":"https:\/\/www.facebook.com\/whatbrest","article_modified_time":"2025-12-08T09:47:03+00:00","twitter_card":"summary_large_image","twitter_misc":{"Dur\u00e9e de lecture estim\u00e9e":"2 minutes"},"schema":{"@context":"https:\/\/schema.org","@graph":[{"@type":"WebPage","@id":"https:\/\/www.what-brest.com\/index.php\/plats\/","url":"https:\/\/www.what-brest.com\/index.php\/plats\/","name":"Cuisine - What","isPartOf":{"@id":"https:\/\/www.what-brest.com\/#website"},"datePublished":"2022-04-04T12:24:17+00:00","dateModified":"2025-12-08T09:47:03+00:00","breadcrumb":{"@id":"https:\/\/www.what-brest.com\/index.php\/plats\/#breadcrumb"},"inLanguage":"fr-FR","potentialAction":[{"@type":"ReadAction","target":["https:\/\/www.what-brest.com\/index.php\/plats\/"]}]},{"@type":"BreadcrumbList","@id":"https:\/\/www.what-brest.com\/index.php\/plats\/#breadcrumb","itemListElement":[{"@type":"ListItem","position":1,"name":"Accueil","item":"https:\/\/www.what-brest.com\/"},{"@type":"ListItem","position":2,"name":"Cuisine"}]},{"@type":"WebSite","@id":"https:\/\/www.what-brest.com\/#website","url":"https:\/\/www.what-brest.com\/","name":"What","description":"Drink, Food &amp; Fun","publisher":{"@id":"https:\/\/www.what-brest.com\/#organization"},"potentialAction":[{"@type":"SearchAction","target":{"@type":"EntryPoint","urlTemplate":"https:\/\/www.what-brest.com\/?s={search_term_string}"},"query-input":"required name=search_term_string"}],"inLanguage":"fr-FR"},{"@type":"Organization","@id":"https:\/\/www.what-brest.com\/#organization","name":"What","url":"https:\/\/www.what-brest.com\/","logo":{"@type":"ImageObject","inLanguage":"fr-FR","@id":"https:\/\/www.what-brest.com\/#\/schema\/logo\/image\/","url":"https:\/\/www.what-brest.com\/wp-content\/uploads\/2021\/12\/241928712_213586507470295_6076625751205591573_n-1.jpg","contentUrl":"https:\/\/www.what-brest.com\/wp-content\/uploads\/2021\/12\/241928712_213586507470295_6076625751205591573_n-1.jpg","width":2048,"height":2048,"caption":"What"},"image":{"@id":"https:\/\/www.what-brest.com\/#\/schema\/logo\/image\/"},"sameAs":["https:\/\/www.facebook.com\/whatbrest","https:\/\/www.instagram.com\/what_brest\/?hl=fr"]}]}},"_links":{"self":[{"href":"https:\/\/www.what-brest.com\/index.php\/wp-json\/wp\/v2\/pages\/4848"}],"collection":[{"href":"https:\/\/www.what-brest.com\/index.php\/wp-json\/wp\/v2\/pages"}],"about":[{"href":"https:\/\/www.what-brest.com\/index.php\/wp-json\/wp\/v2\/types\/page"}],"author":[{"embeddable":true,"href":"https:\/\/www.what-brest.com\/index.php\/wp-json\/wp\/v2\/users\/1"}],"replies":[{"embeddable":true,"href":"https:\/\/www.what-brest.com\/index.php\/wp-json\/wp\/v2\/comments?post=4848"}],"version-history":[{"count":9,"href":"https:\/\/www.what-brest.com\/index.php\/wp-json\/wp\/v2\/pages\/4848\/revisions"}],"predecessor-version":[{"id":5151,"href":"https:\/\/www.what-brest.com\/index.php\/wp-json\/wp\/v2\/pages\/4848\/revisions\/5151"}],"wp:attachment":[{"href":"https:\/\/www.what-brest.com\/index.php\/wp-json\/wp\/v2\/media?parent=4848"}],"curies":[{"name":"wp","href":"https:\/\/api.w.org\/{rel}","templated":true}]}}