{"id":4844,"date":"2022-04-04T14:23:42","date_gmt":"2022-04-04T12:23:42","guid":{"rendered":"https:\/\/www.what-brest.com\/?page_id=4844"},"modified":"2025-07-08T14:53:38","modified_gmt":"2025-07-08T12:53:38","slug":"tapas","status":"publish","type":"page","link":"https:\/\/www.what-brest.com\/index.php\/tapas\/","title":{"rendered":"After-Work"},"content":{"rendered":"<p><div class=\"fusion-fullwidth fullwidth-box fusion-builder-row-1 fusion-flex-container nonhundred-percent-fullwidth non-hundred-percent-height-scrolling\" style=\"--awb-border-radius-top-left:0px;--awb-border-radius-top-right:0px;--awb-border-radius-bottom-right:0px;--awb-border-radius-bottom-left:0px;--awb-flex-wrap:wrap;\" ><div class=\"fusion-builder-row fusion-row fusion-flex-align-items-flex-start fusion-flex-content-wrap\" style=\"max-width:1664px;margin-left: calc(-4% \/ 2 );margin-right: calc(-4% \/ 2 );\"><div class=\"fusion-layout-column fusion_builder_column fusion-builder-column-0 fusion_builder_column_1_1 1_1 fusion-flex-column\" style=\"--awb-bg-size:cover;--awb-width-large:100%;--awb-margin-top-large:0px;--awb-spacing-right-large:1.92%;--awb-margin-bottom-large:20px;--awb-spacing-left-large:1.92%;--awb-width-medium:100%;--awb-order-medium:0;--awb-spacing-right-medium:1.92%;--awb-spacing-left-medium:1.92%;--awb-width-small:100%;--awb-order-small:0;--awb-spacing-right-small:1.92%;--awb-spacing-left-small:1.92%;\"><div class=\"fusion-column-wrapper fusion-column-has-shadow fusion-flex-justify-content-flex-start fusion-content-layout-column\"><div class=\"fusion-title title fusion-title-1 fusion-title-text fusion-title-size-one\" style=\"--awb-font-size:45px;\"><div class=\"title-sep-container title-sep-container-left fusion-no-large-visibility fusion-no-medium-visibility fusion-no-small-visibility\"><div class=\"title-sep sep-single sep-solid\" style=\"border-color:#fbbe5e;\"><\/div><\/div><span class=\"awb-title-spacer fusion-no-large-visibility fusion-no-medium-visibility fusion-no-small-visibility\"><\/span><h1 class=\"fusion-title-heading title-heading-left fusion-responsive-typography-calculated\" style=\"margin:0;font-size:1em;--fontSize:45;line-height:1.41;\">After-Work<\/h1><span class=\"awb-title-spacer\"><\/span><div class=\"title-sep-container title-sep-container-right\"><div class=\"title-sep sep-single sep-solid\" style=\"border-color:#fbbe5e;\"><\/div><\/div><\/div><div class=\"fusion-text fusion-text-1\"><p style=\"text-align: center;\">Incontournables \u00e0 l\u2019ap\u00e9ro, laissez vous tenter par nos planches 100% italiennes !\u00a0 Disponibles en 250 ou 400 grammes.<\/p>\n<p style=\"text-align: center;\">Nous vous proposons \u00e9galement des tartinades \u00a0: Chorizo, Tomate-Ch\u00eavre, Poulet-Mimoza,<br \/>\nGalette Saucisse, Thon, Fish patate, P\u00e2t\u00e9 H\u00e9naff.<\/p>\n<p style=\"text-align: center;\">Et des saucissons au choix : Comt\u00e9, Nature, Fum\u00e9, Noisette, Poivre, Piment d\u2019Espelette<\/p>\n<p style=\"text-align: center;\">Alors, une p&rsquo;tite soif apr\u00e8s le boulot ?<\/p>\n<\/div><div style=\"text-align:center;\"><a class=\"fusion-button button-flat fusion-button-default-size button-default fusion-button-default button-1 fusion-button-default-span fusion-button-default-type\" target=\"_blank\" rel=\"noopener noreferrer\" title=\"Restauration What Brest Kergaradec\" aria-label=\"Restauration What Brest Kergaradec\" href=\"https:\/\/www.what-brest.com\/wp-content\/uploads\/2025\/07\/What_carte_restauration.pdf\"><span class=\"fusion-button-text\">La carte<\/span><\/a><\/div><div class=\"fusion-separator fusion-full-width-sep\" style=\"align-self: center;margin-left: auto;margin-right: auto;width:100%;\"><div class=\"fusion-separator-border sep-double\" style=\"--awb-height:20px;--awb-amount:20px;--awb-sep-color:#000000;border-color:#000000;border-top-width:1px;border-bottom-width:1px;\"><\/div><\/div><div class=\"fusion-separator fusion-full-width-sep\" style=\"align-self: center;margin-left: auto;margin-right: auto;width:100%;\"><div class=\"fusion-separator-border sep-double\" style=\"--awb-height:20px;--awb-amount:20px;--awb-sep-color:#000000;border-color:#000000;border-top-width:1px;border-bottom-width:1px;\"><\/div><\/div><div class=\"fusion-separator fusion-full-width-sep\" style=\"align-self: center;margin-left: auto;margin-right: auto;width:100%;\"><div class=\"fusion-separator-border sep-double\" style=\"--awb-height:20px;--awb-amount:20px;--awb-sep-color:#000000;border-color:#000000;border-top-width:1px;border-bottom-width:1px;\"><\/div><\/div><div class=\"fusion-slider-sc\"><div class=\"fusion-flexslider-loading flexslider flexslider-hover-type-none\" data-slideshow_autoplay=\"1\" data-slideshow_smooth_height=\"0\" data-slideshow_speed=\"7000\" style=\"max-width:100%;height:100%;\"><ul class=\"slides\"><li class=\"image\"><span class=\"fusion-image-hover-element hover-type-none\"><img decoding=\"async\" data-src=\"https:\/\/www.what-brest.com\/wp-content\/uploads\/2022\/09\/Sans-titre-24.png\" alt=\"bar what\" width=\"2048\" height=\"1365\" class=\"wp-image-6497 lazyload\" data-srcset=\"https:\/\/www.what-brest.com\/wp-content\/uploads\/2022\/09\/Sans-titre-24-200x133.png 200w, https:\/\/www.what-brest.com\/wp-content\/uploads\/2022\/09\/Sans-titre-24-400x267.png 400w, https:\/\/www.what-brest.com\/wp-content\/uploads\/2022\/09\/Sans-titre-24-600x400.png 600w, https:\/\/www.what-brest.com\/wp-content\/uploads\/2022\/09\/Sans-titre-24-800x533.png 800w, https:\/\/www.what-brest.com\/wp-content\/uploads\/2022\/09\/Sans-titre-24-1200x800.png 1200w, https:\/\/www.what-brest.com\/wp-content\/uploads\/2022\/09\/Sans-titre-24.png 2048w\" data-sizes=\"(max-width: 850px) 100vw, (max-width: 640px) 100vw, 2048px\" src=\"data:image\/gif;base64,R0lGODlhAQABAAAAACH5BAEKAAEALAAAAAABAAEAAAICTAEAOw==\" style=\"--smush-placeholder-width: 2048px; --smush-placeholder-aspect-ratio: 2048\/1365;\" \/><noscript><img decoding=\"async\" src=\"https:\/\/www.what-brest.com\/wp-content\/uploads\/2022\/09\/Sans-titre-24.png\" alt=\"bar what\" width=\"2048\" height=\"1365\" class=\"wp-image-6497\" srcset=\"https:\/\/www.what-brest.com\/wp-content\/uploads\/2022\/09\/Sans-titre-24-200x133.png 200w, https:\/\/www.what-brest.com\/wp-content\/uploads\/2022\/09\/Sans-titre-24-400x267.png 400w, https:\/\/www.what-brest.com\/wp-content\/uploads\/2022\/09\/Sans-titre-24-600x400.png 600w, https:\/\/www.what-brest.com\/wp-content\/uploads\/2022\/09\/Sans-titre-24-800x533.png 800w, https:\/\/www.what-brest.com\/wp-content\/uploads\/2022\/09\/Sans-titre-24-1200x800.png 1200w, https:\/\/www.what-brest.com\/wp-content\/uploads\/2022\/09\/Sans-titre-24.png 2048w\" sizes=\"(max-width: 850px) 100vw, (max-width: 640px) 100vw, 2048px\" \/><\/noscript><\/span><\/li><li class=\"image\"><span class=\"fusion-image-hover-element hover-type-none\"><img decoding=\"async\" data-src=\"https:\/\/www.what-brest.com\/wp-content\/uploads\/2022\/05\/DSC06884.jpeg\" alt=\"soir\u00e9e concert\" width=\"1280\" height=\"853\" class=\"wp-image-5319 lazyload\" data-srcset=\"https:\/\/www.what-brest.com\/wp-content\/uploads\/2022\/05\/DSC06884-200x133.jpeg 200w, https:\/\/www.what-brest.com\/wp-content\/uploads\/2022\/05\/DSC06884-400x267.jpeg 400w, https:\/\/www.what-brest.com\/wp-content\/uploads\/2022\/05\/DSC06884-600x400.jpeg 600w, https:\/\/www.what-brest.com\/wp-content\/uploads\/2022\/05\/DSC06884-800x533.jpeg 800w, https:\/\/www.what-brest.com\/wp-content\/uploads\/2022\/05\/DSC06884-1200x800.jpeg 1200w, https:\/\/www.what-brest.com\/wp-content\/uploads\/2022\/05\/DSC06884.jpeg 1280w\" data-sizes=\"(max-width: 850px) 100vw, (max-width: 640px) 100vw, 1280px\" src=\"data:image\/gif;base64,R0lGODlhAQABAAAAACH5BAEKAAEALAAAAAABAAEAAAICTAEAOw==\" style=\"--smush-placeholder-width: 1280px; --smush-placeholder-aspect-ratio: 1280\/853;\" \/><noscript><img decoding=\"async\" src=\"https:\/\/www.what-brest.com\/wp-content\/uploads\/2022\/05\/DSC06884.jpeg\" alt=\"soir\u00e9e concert\" width=\"1280\" height=\"853\" class=\"wp-image-5319\" srcset=\"https:\/\/www.what-brest.com\/wp-content\/uploads\/2022\/05\/DSC06884-200x133.jpeg 200w, https:\/\/www.what-brest.com\/wp-content\/uploads\/2022\/05\/DSC06884-400x267.jpeg 400w, https:\/\/www.what-brest.com\/wp-content\/uploads\/2022\/05\/DSC06884-600x400.jpeg 600w, https:\/\/www.what-brest.com\/wp-content\/uploads\/2022\/05\/DSC06884-800x533.jpeg 800w, https:\/\/www.what-brest.com\/wp-content\/uploads\/2022\/05\/DSC06884-1200x800.jpeg 1200w, https:\/\/www.what-brest.com\/wp-content\/uploads\/2022\/05\/DSC06884.jpeg 1280w\" sizes=\"(max-width: 850px) 100vw, (max-width: 640px) 100vw, 1280px\" \/><\/noscript><\/span><\/li><li class=\"image\"><span class=\"fusion-image-hover-element hover-type-none\"><img decoding=\"async\" data-src=\"https:\/\/www.what-brest.com\/wp-content\/uploads\/2022\/05\/DSC06450.jpeg\" alt=\"entr\u00e9e du what\" width=\"1280\" height=\"853\" class=\"wp-image-5288 lazyload\" data-srcset=\"https:\/\/www.what-brest.com\/wp-content\/uploads\/2022\/05\/DSC06450-200x133.jpeg 200w, https:\/\/www.what-brest.com\/wp-content\/uploads\/2022\/05\/DSC06450-400x267.jpeg 400w, https:\/\/www.what-brest.com\/wp-content\/uploads\/2022\/05\/DSC06450-600x400.jpeg 600w, https:\/\/www.what-brest.com\/wp-content\/uploads\/2022\/05\/DSC06450-800x533.jpeg 800w, https:\/\/www.what-brest.com\/wp-content\/uploads\/2022\/05\/DSC06450-1200x800.jpeg 1200w, https:\/\/www.what-brest.com\/wp-content\/uploads\/2022\/05\/DSC06450.jpeg 1280w\" data-sizes=\"(max-width: 850px) 100vw, (max-width: 640px) 100vw, 1280px\" src=\"data:image\/gif;base64,R0lGODlhAQABAAAAACH5BAEKAAEALAAAAAABAAEAAAICTAEAOw==\" style=\"--smush-placeholder-width: 1280px; --smush-placeholder-aspect-ratio: 1280\/853;\" \/><noscript><img decoding=\"async\" src=\"https:\/\/www.what-brest.com\/wp-content\/uploads\/2022\/05\/DSC06450.jpeg\" alt=\"entr\u00e9e du what\" width=\"1280\" height=\"853\" class=\"wp-image-5288\" srcset=\"https:\/\/www.what-brest.com\/wp-content\/uploads\/2022\/05\/DSC06450-200x133.jpeg 200w, https:\/\/www.what-brest.com\/wp-content\/uploads\/2022\/05\/DSC06450-400x267.jpeg 400w, https:\/\/www.what-brest.com\/wp-content\/uploads\/2022\/05\/DSC06450-600x400.jpeg 600w, https:\/\/www.what-brest.com\/wp-content\/uploads\/2022\/05\/DSC06450-800x533.jpeg 800w, https:\/\/www.what-brest.com\/wp-content\/uploads\/2022\/05\/DSC06450-1200x800.jpeg 1200w, https:\/\/www.what-brest.com\/wp-content\/uploads\/2022\/05\/DSC06450.jpeg 1280w\" sizes=\"(max-width: 850px) 100vw, (max-width: 640px) 100vw, 1280px\" \/><\/noscript><\/span><\/li><li class=\"image\"><span class=\"fusion-image-hover-element hover-type-none\"><img decoding=\"async\" data-src=\"https:\/\/www.what-brest.com\/wp-content\/uploads\/2022\/07\/260438194_257678183061127_825271814112836637_n.jpg\" alt=\"Public du what\" width=\"2048\" height=\"1365\" class=\"wp-image-6305 lazyload\" data-srcset=\"https:\/\/www.what-brest.com\/wp-content\/uploads\/2022\/07\/260438194_257678183061127_825271814112836637_n-200x133.jpg 200w, https:\/\/www.what-brest.com\/wp-content\/uploads\/2022\/07\/260438194_257678183061127_825271814112836637_n-400x267.jpg 400w, https:\/\/www.what-brest.com\/wp-content\/uploads\/2022\/07\/260438194_257678183061127_825271814112836637_n-600x400.jpg 600w, https:\/\/www.what-brest.com\/wp-content\/uploads\/2022\/07\/260438194_257678183061127_825271814112836637_n-800x533.jpg 800w, https:\/\/www.what-brest.com\/wp-content\/uploads\/2022\/07\/260438194_257678183061127_825271814112836637_n-1200x800.jpg 1200w, https:\/\/www.what-brest.com\/wp-content\/uploads\/2022\/07\/260438194_257678183061127_825271814112836637_n.jpg 2048w\" data-sizes=\"(max-width: 850px) 100vw, (max-width: 640px) 100vw, 2048px\" src=\"data:image\/gif;base64,R0lGODlhAQABAAAAACH5BAEKAAEALAAAAAABAAEAAAICTAEAOw==\" style=\"--smush-placeholder-width: 2048px; --smush-placeholder-aspect-ratio: 2048\/1365;\" \/><noscript><img decoding=\"async\" src=\"https:\/\/www.what-brest.com\/wp-content\/uploads\/2022\/07\/260438194_257678183061127_825271814112836637_n.jpg\" alt=\"Public du what\" width=\"2048\" height=\"1365\" class=\"wp-image-6305\" srcset=\"https:\/\/www.what-brest.com\/wp-content\/uploads\/2022\/07\/260438194_257678183061127_825271814112836637_n-200x133.jpg 200w, https:\/\/www.what-brest.com\/wp-content\/uploads\/2022\/07\/260438194_257678183061127_825271814112836637_n-400x267.jpg 400w, https:\/\/www.what-brest.com\/wp-content\/uploads\/2022\/07\/260438194_257678183061127_825271814112836637_n-600x400.jpg 600w, https:\/\/www.what-brest.com\/wp-content\/uploads\/2022\/07\/260438194_257678183061127_825271814112836637_n-800x533.jpg 800w, https:\/\/www.what-brest.com\/wp-content\/uploads\/2022\/07\/260438194_257678183061127_825271814112836637_n-1200x800.jpg 1200w, https:\/\/www.what-brest.com\/wp-content\/uploads\/2022\/07\/260438194_257678183061127_825271814112836637_n.jpg 2048w\" sizes=\"(max-width: 850px) 100vw, (max-width: 640px) 100vw, 2048px\" \/><\/noscript><\/span><\/li><\/ul><\/div><\/div><\/div><\/div><\/div><\/div><div class=\"fusion-fullwidth fullwidth-box fusion-builder-row-2 fusion-flex-container nonhundred-percent-fullwidth non-hundred-percent-height-scrolling\" style=\"--awb-border-radius-top-left:0px;--awb-border-radius-top-right:0px;--awb-border-radius-bottom-right:0px;--awb-border-radius-bottom-left:0px;--awb-flex-wrap:wrap;\" ><div class=\"fusion-builder-row fusion-row fusion-flex-align-items-flex-start fusion-flex-content-wrap\" style=\"max-width:1664px;margin-left: calc(-4% \/ 2 );margin-right: calc(-4% \/ 2 );\"><\/div><\/div><\/p>\n","protected":false},"excerpt":{"rendered":"","protected":false},"author":1,"featured_media":0,"parent":0,"menu_order":0,"comment_status":"closed","ping_status":"closed","template":"","meta":{"_monsterinsights_skip_tracking":false,"_monsterinsights_sitenote_active":false,"_monsterinsights_sitenote_note":"","_monsterinsights_sitenote_category":0,"footnotes":""},"yoast_head":"<!-- This site is optimized with the Yoast SEO plugin v22.7 - https:\/\/yoast.com\/wordpress\/plugins\/seo\/ -->\n<title>After-Work - What<\/title>\n<meta name=\"robots\" content=\"index, follow, max-snippet:-1, max-image-preview:large, max-video-preview:-1\" \/>\n<link rel=\"canonical\" href=\"https:\/\/www.what-brest.com\/index.php\/tapas\/\" \/>\n<meta property=\"og:locale\" content=\"fr_FR\" \/>\n<meta property=\"og:type\" content=\"article\" \/>\n<meta property=\"og:title\" content=\"After-Work - What\" \/>\n<meta property=\"og:url\" content=\"https:\/\/www.what-brest.com\/index.php\/tapas\/\" \/>\n<meta property=\"og:site_name\" content=\"What\" \/>\n<meta property=\"article:publisher\" content=\"https:\/\/www.facebook.com\/whatbrest\" \/>\n<meta property=\"article:modified_time\" content=\"2025-07-08T12:53:38+00:00\" \/>\n<meta name=\"twitter:card\" content=\"summary_large_image\" \/>\n<meta name=\"twitter:label1\" content=\"Dur\u00e9e de lecture estim\u00e9e\" \/>\n\t<meta name=\"twitter:data1\" content=\"2 minutes\" \/>\n<script type=\"application\/ld+json\" class=\"yoast-schema-graph\">{\"@context\":\"https:\/\/schema.org\",\"@graph\":[{\"@type\":\"WebPage\",\"@id\":\"https:\/\/www.what-brest.com\/index.php\/tapas\/\",\"url\":\"https:\/\/www.what-brest.com\/index.php\/tapas\/\",\"name\":\"After-Work - What\",\"isPartOf\":{\"@id\":\"https:\/\/www.what-brest.com\/#website\"},\"datePublished\":\"2022-04-04T12:23:42+00:00\",\"dateModified\":\"2025-07-08T12:53:38+00:00\",\"breadcrumb\":{\"@id\":\"https:\/\/www.what-brest.com\/index.php\/tapas\/#breadcrumb\"},\"inLanguage\":\"fr-FR\",\"potentialAction\":[{\"@type\":\"ReadAction\",\"target\":[\"https:\/\/www.what-brest.com\/index.php\/tapas\/\"]}]},{\"@type\":\"BreadcrumbList\",\"@id\":\"https:\/\/www.what-brest.com\/index.php\/tapas\/#breadcrumb\",\"itemListElement\":[{\"@type\":\"ListItem\",\"position\":1,\"name\":\"Accueil\",\"item\":\"https:\/\/www.what-brest.com\/\"},{\"@type\":\"ListItem\",\"position\":2,\"name\":\"After-Work\"}]},{\"@type\":\"WebSite\",\"@id\":\"https:\/\/www.what-brest.com\/#website\",\"url\":\"https:\/\/www.what-brest.com\/\",\"name\":\"What\",\"description\":\"Drink, Food &amp; Fun\",\"publisher\":{\"@id\":\"https:\/\/www.what-brest.com\/#organization\"},\"potentialAction\":[{\"@type\":\"SearchAction\",\"target\":{\"@type\":\"EntryPoint\",\"urlTemplate\":\"https:\/\/www.what-brest.com\/?s={search_term_string}\"},\"query-input\":\"required name=search_term_string\"}],\"inLanguage\":\"fr-FR\"},{\"@type\":\"Organization\",\"@id\":\"https:\/\/www.what-brest.com\/#organization\",\"name\":\"What\",\"url\":\"https:\/\/www.what-brest.com\/\",\"logo\":{\"@type\":\"ImageObject\",\"inLanguage\":\"fr-FR\",\"@id\":\"https:\/\/www.what-brest.com\/#\/schema\/logo\/image\/\",\"url\":\"https:\/\/www.what-brest.com\/wp-content\/uploads\/2021\/12\/241928712_213586507470295_6076625751205591573_n-1.jpg\",\"contentUrl\":\"https:\/\/www.what-brest.com\/wp-content\/uploads\/2021\/12\/241928712_213586507470295_6076625751205591573_n-1.jpg\",\"width\":2048,\"height\":2048,\"caption\":\"What\"},\"image\":{\"@id\":\"https:\/\/www.what-brest.com\/#\/schema\/logo\/image\/\"},\"sameAs\":[\"https:\/\/www.facebook.com\/whatbrest\",\"https:\/\/www.instagram.com\/what_brest\/?hl=fr\"]}]}<\/script>\n<!-- \/ Yoast SEO plugin. -->","yoast_head_json":{"title":"After-Work - What","robots":{"index":"index","follow":"follow","max-snippet":"max-snippet:-1","max-image-preview":"max-image-preview:large","max-video-preview":"max-video-preview:-1"},"canonical":"https:\/\/www.what-brest.com\/index.php\/tapas\/","og_locale":"fr_FR","og_type":"article","og_title":"After-Work - What","og_url":"https:\/\/www.what-brest.com\/index.php\/tapas\/","og_site_name":"What","article_publisher":"https:\/\/www.facebook.com\/whatbrest","article_modified_time":"2025-07-08T12:53:38+00:00","twitter_card":"summary_large_image","twitter_misc":{"Dur\u00e9e de lecture estim\u00e9e":"2 minutes"},"schema":{"@context":"https:\/\/schema.org","@graph":[{"@type":"WebPage","@id":"https:\/\/www.what-brest.com\/index.php\/tapas\/","url":"https:\/\/www.what-brest.com\/index.php\/tapas\/","name":"After-Work - What","isPartOf":{"@id":"https:\/\/www.what-brest.com\/#website"},"datePublished":"2022-04-04T12:23:42+00:00","dateModified":"2025-07-08T12:53:38+00:00","breadcrumb":{"@id":"https:\/\/www.what-brest.com\/index.php\/tapas\/#breadcrumb"},"inLanguage":"fr-FR","potentialAction":[{"@type":"ReadAction","target":["https:\/\/www.what-brest.com\/index.php\/tapas\/"]}]},{"@type":"BreadcrumbList","@id":"https:\/\/www.what-brest.com\/index.php\/tapas\/#breadcrumb","itemListElement":[{"@type":"ListItem","position":1,"name":"Accueil","item":"https:\/\/www.what-brest.com\/"},{"@type":"ListItem","position":2,"name":"After-Work"}]},{"@type":"WebSite","@id":"https:\/\/www.what-brest.com\/#website","url":"https:\/\/www.what-brest.com\/","name":"What","description":"Drink, Food &amp; Fun","publisher":{"@id":"https:\/\/www.what-brest.com\/#organization"},"potentialAction":[{"@type":"SearchAction","target":{"@type":"EntryPoint","urlTemplate":"https:\/\/www.what-brest.com\/?s={search_term_string}"},"query-input":"required name=search_term_string"}],"inLanguage":"fr-FR"},{"@type":"Organization","@id":"https:\/\/www.what-brest.com\/#organization","name":"What","url":"https:\/\/www.what-brest.com\/","logo":{"@type":"ImageObject","inLanguage":"fr-FR","@id":"https:\/\/www.what-brest.com\/#\/schema\/logo\/image\/","url":"https:\/\/www.what-brest.com\/wp-content\/uploads\/2021\/12\/241928712_213586507470295_6076625751205591573_n-1.jpg","contentUrl":"https:\/\/www.what-brest.com\/wp-content\/uploads\/2021\/12\/241928712_213586507470295_6076625751205591573_n-1.jpg","width":2048,"height":2048,"caption":"What"},"image":{"@id":"https:\/\/www.what-brest.com\/#\/schema\/logo\/image\/"},"sameAs":["https:\/\/www.facebook.com\/whatbrest","https:\/\/www.instagram.com\/what_brest\/?hl=fr"]}]}},"_links":{"self":[{"href":"https:\/\/www.what-brest.com\/index.php\/wp-json\/wp\/v2\/pages\/4844"}],"collection":[{"href":"https:\/\/www.what-brest.com\/index.php\/wp-json\/wp\/v2\/pages"}],"about":[{"href":"https:\/\/www.what-brest.com\/index.php\/wp-json\/wp\/v2\/types\/page"}],"author":[{"embeddable":true,"href":"https:\/\/www.what-brest.com\/index.php\/wp-json\/wp\/v2\/users\/1"}],"replies":[{"embeddable":true,"href":"https:\/\/www.what-brest.com\/index.php\/wp-json\/wp\/v2\/comments?post=4844"}],"version-history":[{"count":27,"href":"https:\/\/www.what-brest.com\/index.php\/wp-json\/wp\/v2\/pages\/4844\/revisions"}],"predecessor-version":[{"id":7045,"href":"https:\/\/www.what-brest.com\/index.php\/wp-json\/wp\/v2\/pages\/4844\/revisions\/7045"}],"wp:attachment":[{"href":"https:\/\/www.what-brest.com\/index.php\/wp-json\/wp\/v2\/media?parent=4844"}],"curies":[{"name":"wp","href":"https:\/\/api.w.org\/{rel}","templated":true}]}}