{"id":3544,"date":"2021-07-20T10:37:53","date_gmt":"2021-07-20T08:37:53","guid":{"rendered":"https:\/\/www.what-brest.com\/?page_id=3544"},"modified":"2025-01-10T10:51:56","modified_gmt":"2025-01-10T09:51:56","slug":"bar-restaurant-a-brest-kergaradec","status":"publish","type":"page","link":"https:\/\/www.what-brest.com\/","title":{"rendered":"Accueil"},"content":{"rendered":"<p><div class=\"fusion-fullwidth fullwidth-box fusion-builder-row-1 fusion-flex-container nonhundred-percent-fullwidth non-hundred-percent-height-scrolling\" style=\"--awb-border-radius-top-left:0px;--awb-border-radius-top-right:0px;--awb-border-radius-bottom-right:0px;--awb-border-radius-bottom-left:0px;--awb-flex-wrap:wrap;\" ><div class=\"fusion-builder-row fusion-row fusion-flex-align-items-flex-start fusion-flex-content-wrap\" style=\"max-width:1664px;margin-left: calc(-4% \/ 2 );margin-right: calc(-4% \/ 2 );\"><div class=\"fusion-layout-column fusion_builder_column fusion-builder-column-0 fusion_builder_column_1_1 1_1 fusion-flex-column\" style=\"--awb-bg-size:cover;--awb-width-large:100%;--awb-margin-top-large:0px;--awb-spacing-right-large:1.92%;--awb-margin-bottom-large:20px;--awb-spacing-left-large:1.92%;--awb-width-medium:100%;--awb-order-medium:0;--awb-spacing-right-medium:1.92%;--awb-spacing-left-medium:1.92%;--awb-width-small:100%;--awb-order-small:0;--awb-spacing-right-small:1.92%;--awb-spacing-left-small:1.92%;\"><div class=\"fusion-column-wrapper fusion-column-has-shadow fusion-flex-justify-content-flex-start fusion-content-layout-column\"><div class=\"fusion-video fusion-selfhosted-video\" style=\"max-width:100%;\"><div class=\"video-wrapper\"><video playsinline=\"true\" width=\"100%\" style=\"object-fit: cover;\" autoplay=\"true\" muted=\"true\" loop=\"true\" poster=\"https:\/\/www.what-brest.com\/wp-content\/uploads\/2025\/01\/What_Brest_photo_22102024_L1280xH698px.jpg\" preload=\"auto\"><source src=\"https:\/\/www.what-brest.com\/wp-content\/uploads\/2025\/01\/What_video_22102024_L1280xH720px_light.mp4\" type=\"video\/mp4\">Sorry, your browser doesn&#039;t support embedded videos.<\/video><\/div><\/div><\/div><\/div><div class=\"fusion-layout-column fusion_builder_column fusion-builder-column-1 fusion_builder_column_1_1 1_1 fusion-flex-column\" style=\"--awb-padding-top:50px;--awb-bg-size:cover;--awb-width-large:100%;--awb-margin-top-large:0px;--awb-spacing-right-large:1.92%;--awb-margin-bottom-large:20px;--awb-spacing-left-large:1.92%;--awb-width-medium:100%;--awb-order-medium:0;--awb-spacing-right-medium:1.92%;--awb-spacing-left-medium:1.92%;--awb-width-small:100%;--awb-order-small:0;--awb-spacing-right-small:1.92%;--awb-spacing-left-small:1.92%;\"><div class=\"fusion-column-wrapper fusion-column-has-shadow fusion-flex-justify-content-flex-start fusion-content-layout-column\"><div class=\"fusion-text fusion-text-1 fusion-text-no-margin\" style=\"--awb-margin-bottom:50px;\"><h3 style=\"text-align: center;\"><span style=\"color: #ff9900;\">Le What c&rsquo;est 700m\u00b2 d&rsquo;atmosph\u00e8re chaleureuse et \u00e9l\u00e9gante aux allures industrielles et vintage. Un concept original situ\u00e9 zone de Kergaradec \u00e0 Brest, 58 rue Amiral Romain Desfosses.<\/span><\/h3>\n<\/div><\/div><\/div><div class=\"fusion-layout-column fusion_builder_column fusion-builder-column-2 fusion_builder_column_1_6 1_6 fusion-flex-column\" style=\"--awb-bg-size:cover;--awb-width-large:16.666666666667%;--awb-margin-top-large:0px;--awb-spacing-right-large:11.52%;--awb-margin-bottom-large:20px;--awb-spacing-left-large:11.52%;--awb-width-medium:100%;--awb-order-medium:0;--awb-spacing-right-medium:1.92%;--awb-spacing-left-medium:1.92%;--awb-width-small:100%;--awb-order-small:0;--awb-spacing-right-small:1.92%;--awb-spacing-left-small:1.92%;\"><div class=\"fusion-column-wrapper fusion-column-has-shadow fusion-flex-justify-content-flex-start fusion-content-layout-column\"><div class=\"fusion-image-element \" style=\"text-align:center;--awb-max-width:180px;--awb-caption-title-font-family:var(--h2_typography-font-family);--awb-caption-title-font-weight:var(--h2_typography-font-weight);--awb-caption-title-font-style:var(--h2_typography-font-style);--awb-caption-title-size:var(--h2_typography-font-size);--awb-caption-title-transform:var(--h2_typography-text-transform);--awb-caption-title-line-height:var(--h2_typography-line-height);--awb-caption-title-letter-spacing:var(--h2_typography-letter-spacing);\"><span class=\" fusion-imageframe imageframe-none imageframe-1 hover-type-none\"><img decoding=\"async\" width=\"500\" height=\"485\" title=\"drink\" data-src=\"https:\/\/www.what-brest.com\/wp-content\/uploads\/2022\/12\/drink.png\" alt class=\"img-responsive wp-image-6710 lazyload\" data-srcset=\"https:\/\/www.what-brest.com\/wp-content\/uploads\/2022\/12\/drink-200x194.png 200w, https:\/\/www.what-brest.com\/wp-content\/uploads\/2022\/12\/drink-400x388.png 400w, https:\/\/www.what-brest.com\/wp-content\/uploads\/2022\/12\/drink.png 500w\" data-sizes=\"(max-width: 850px) 100vw, (max-width: 640px) 100vw, 400px\" src=\"data:image\/gif;base64,R0lGODlhAQABAAAAACH5BAEKAAEALAAAAAABAAEAAAICTAEAOw==\" style=\"--smush-placeholder-width: 500px; --smush-placeholder-aspect-ratio: 500\/485;\" \/><noscript><img decoding=\"async\" width=\"500\" height=\"485\" title=\"drink\" src=\"https:\/\/www.what-brest.com\/wp-content\/uploads\/2022\/12\/drink.png\" alt class=\"img-responsive wp-image-6710\" srcset=\"https:\/\/www.what-brest.com\/wp-content\/uploads\/2022\/12\/drink-200x194.png 200w, https:\/\/www.what-brest.com\/wp-content\/uploads\/2022\/12\/drink-400x388.png 400w, https:\/\/www.what-brest.com\/wp-content\/uploads\/2022\/12\/drink.png 500w\" sizes=\"(max-width: 850px) 100vw, (max-width: 640px) 100vw, 400px\" \/><\/noscript><\/span><\/div><\/div><\/div><div class=\"fusion-layout-column fusion_builder_column fusion-builder-column-3 fusion_builder_column_5_6 5_6 fusion-flex-column\" style=\"--awb-padding-top:0px;--awb-bg-size:cover;--awb-width-large:83.333333333333%;--awb-margin-top-large:0px;--awb-spacing-right-large:2.304%;--awb-margin-bottom-large:20px;--awb-spacing-left-large:2.304%;--awb-width-medium:100%;--awb-order-medium:0;--awb-spacing-right-medium:1.92%;--awb-spacing-left-medium:1.92%;--awb-width-small:100%;--awb-order-small:0;--awb-spacing-right-small:1.92%;--awb-spacing-left-small:1.92%;\"><div class=\"fusion-column-wrapper fusion-column-has-shadow fusion-flex-justify-content-flex-start fusion-content-layout-column\"><div class=\"fusion-text fusion-text-2\"><h3 style=\"text-align: left;\">Le bar<\/h3>\n<p style=\"text-align: left;\">Nos barmans vous conseilleront avec go\u00fbt et passion sur une large gamme de boissons (renouvel\u00e9e partiellement tous les mois pour vous faire d\u00e9couvrir de nouvelles saveurs) comprenant\u00a0des softs, des bi\u00e8res, des vins, des cocktails, des spiritueux ainsi que des boissons chaudes.<\/p>\n<\/div><\/div><\/div><div class=\"fusion-layout-column fusion_builder_column fusion-builder-column-4 fusion_builder_column_1_6 1_6 fusion-flex-column\" style=\"--awb-bg-size:cover;--awb-width-large:16.666666666667%;--awb-margin-top-large:0px;--awb-spacing-right-large:11.52%;--awb-margin-bottom-large:20px;--awb-spacing-left-large:11.52%;--awb-width-medium:100%;--awb-order-medium:0;--awb-spacing-right-medium:1.92%;--awb-spacing-left-medium:1.92%;--awb-width-small:100%;--awb-order-small:0;--awb-spacing-right-small:1.92%;--awb-spacing-left-small:1.92%;\"><div class=\"fusion-column-wrapper fusion-column-has-shadow fusion-flex-justify-content-flex-start fusion-content-layout-column\"><div class=\"fusion-image-element \" style=\"text-align:center;--awb-max-width:180px;--awb-caption-title-font-family:var(--h2_typography-font-family);--awb-caption-title-font-weight:var(--h2_typography-font-weight);--awb-caption-title-font-style:var(--h2_typography-font-style);--awb-caption-title-size:var(--h2_typography-font-size);--awb-caption-title-transform:var(--h2_typography-text-transform);--awb-caption-title-line-height:var(--h2_typography-line-height);--awb-caption-title-letter-spacing:var(--h2_typography-letter-spacing);\"><span class=\" fusion-imageframe imageframe-none imageframe-2 hover-type-none\"><img decoding=\"async\" width=\"500\" height=\"485\" title=\"food\" data-src=\"https:\/\/www.what-brest.com\/wp-content\/uploads\/2022\/12\/food.png\" alt class=\"img-responsive wp-image-6711 lazyload\" data-srcset=\"https:\/\/www.what-brest.com\/wp-content\/uploads\/2022\/12\/food-200x194.png 200w, https:\/\/www.what-brest.com\/wp-content\/uploads\/2022\/12\/food-400x388.png 400w, https:\/\/www.what-brest.com\/wp-content\/uploads\/2022\/12\/food.png 500w\" data-sizes=\"(max-width: 850px) 100vw, (max-width: 640px) 100vw, 400px\" src=\"data:image\/gif;base64,R0lGODlhAQABAAAAACH5BAEKAAEALAAAAAABAAEAAAICTAEAOw==\" style=\"--smush-placeholder-width: 500px; --smush-placeholder-aspect-ratio: 500\/485;\" \/><noscript><img decoding=\"async\" width=\"500\" height=\"485\" title=\"food\" src=\"https:\/\/www.what-brest.com\/wp-content\/uploads\/2022\/12\/food.png\" alt class=\"img-responsive wp-image-6711\" srcset=\"https:\/\/www.what-brest.com\/wp-content\/uploads\/2022\/12\/food-200x194.png 200w, https:\/\/www.what-brest.com\/wp-content\/uploads\/2022\/12\/food-400x388.png 400w, https:\/\/www.what-brest.com\/wp-content\/uploads\/2022\/12\/food.png 500w\" sizes=\"(max-width: 850px) 100vw, (max-width: 640px) 100vw, 400px\" \/><\/noscript><\/span><\/div><\/div><\/div><div class=\"fusion-layout-column fusion_builder_column fusion-builder-column-5 fusion_builder_column_5_6 5_6 fusion-flex-column\" style=\"--awb-padding-top:0px;--awb-bg-size:cover;--awb-width-large:83.333333333333%;--awb-margin-top-large:0px;--awb-spacing-right-large:2.304%;--awb-margin-bottom-large:20px;--awb-spacing-left-large:2.304%;--awb-width-medium:100%;--awb-order-medium:0;--awb-spacing-right-medium:1.92%;--awb-spacing-left-medium:1.92%;--awb-width-small:100%;--awb-order-small:0;--awb-spacing-right-small:1.92%;--awb-spacing-left-small:1.92%;\"><div class=\"fusion-column-wrapper fusion-column-has-shadow fusion-flex-justify-content-flex-start fusion-content-layout-column\"><div class=\"fusion-text fusion-text-3\"><h3 class=\"fusion-responsive-typography-calculated\" style=\"text-align: left; --fontsize: 36; line-height: 1.33;\" data-fontsize=\"36\" data-lineheight=\"47.880001px\">La restauration<\/h3>\n<p style=\"text-align: left;\">Nos pizza\u00efolos et nos cuisiniers vous proposeront des plats faits maison d\u00e9j\u00e0 reconnus et confectionn\u00e9s \u00e0 base de produits des plus qualitatifs : salades, burgers, bowls, pizzas, bruschettas, plats du jour, ou encore p\u00e2tisseries.<\/p>\n<\/div><\/div><\/div><div class=\"fusion-layout-column fusion_builder_column fusion-builder-column-6 fusion_builder_column_1_6 1_6 fusion-flex-column\" style=\"--awb-bg-size:cover;--awb-width-large:16.666666666667%;--awb-margin-top-large:0px;--awb-spacing-right-large:11.52%;--awb-margin-bottom-large:20px;--awb-spacing-left-large:11.52%;--awb-width-medium:100%;--awb-order-medium:0;--awb-spacing-right-medium:1.92%;--awb-spacing-left-medium:1.92%;--awb-width-small:100%;--awb-order-small:0;--awb-spacing-right-small:1.92%;--awb-spacing-left-small:1.92%;\"><div class=\"fusion-column-wrapper fusion-column-has-shadow fusion-flex-justify-content-flex-start fusion-content-layout-column\"><div class=\"fusion-image-element \" style=\"text-align:center;--awb-max-width:180px;--awb-caption-title-font-family:var(--h2_typography-font-family);--awb-caption-title-font-weight:var(--h2_typography-font-weight);--awb-caption-title-font-style:var(--h2_typography-font-style);--awb-caption-title-size:var(--h2_typography-font-size);--awb-caption-title-transform:var(--h2_typography-text-transform);--awb-caption-title-line-height:var(--h2_typography-line-height);--awb-caption-title-letter-spacing:var(--h2_typography-letter-spacing);\"><span class=\" fusion-imageframe imageframe-none imageframe-3 hover-type-none\"><img decoding=\"async\" width=\"500\" height=\"485\" title=\"fun\" data-src=\"https:\/\/www.what-brest.com\/wp-content\/uploads\/2022\/12\/fun.png\" alt class=\"img-responsive wp-image-6712 lazyload\" data-srcset=\"https:\/\/www.what-brest.com\/wp-content\/uploads\/2022\/12\/fun-200x194.png 200w, https:\/\/www.what-brest.com\/wp-content\/uploads\/2022\/12\/fun-400x388.png 400w, https:\/\/www.what-brest.com\/wp-content\/uploads\/2022\/12\/fun.png 500w\" data-sizes=\"(max-width: 850px) 100vw, (max-width: 640px) 100vw, 400px\" src=\"data:image\/gif;base64,R0lGODlhAQABAAAAACH5BAEKAAEALAAAAAABAAEAAAICTAEAOw==\" style=\"--smush-placeholder-width: 500px; --smush-placeholder-aspect-ratio: 500\/485;\" \/><noscript><img decoding=\"async\" width=\"500\" height=\"485\" title=\"fun\" src=\"https:\/\/www.what-brest.com\/wp-content\/uploads\/2022\/12\/fun.png\" alt class=\"img-responsive wp-image-6712\" srcset=\"https:\/\/www.what-brest.com\/wp-content\/uploads\/2022\/12\/fun-200x194.png 200w, https:\/\/www.what-brest.com\/wp-content\/uploads\/2022\/12\/fun-400x388.png 400w, https:\/\/www.what-brest.com\/wp-content\/uploads\/2022\/12\/fun.png 500w\" sizes=\"(max-width: 850px) 100vw, (max-width: 640px) 100vw, 400px\" \/><\/noscript><\/span><\/div><\/div><\/div><div class=\"fusion-layout-column fusion_builder_column fusion-builder-column-7 fusion_builder_column_5_6 5_6 fusion-flex-column\" style=\"--awb-padding-top:0px;--awb-bg-size:cover;--awb-width-large:83.333333333333%;--awb-margin-top-large:0px;--awb-spacing-right-large:2.304%;--awb-margin-bottom-large:20px;--awb-spacing-left-large:2.304%;--awb-width-medium:100%;--awb-order-medium:0;--awb-spacing-right-medium:1.92%;--awb-spacing-left-medium:1.92%;--awb-width-small:100%;--awb-order-small:0;--awb-spacing-right-small:1.92%;--awb-spacing-left-small:1.92%;\"><div class=\"fusion-column-wrapper fusion-column-has-shadow fusion-flex-justify-content-flex-start fusion-content-layout-column\"><div class=\"fusion-text fusion-text-4\"><h3 class=\"fusion-responsive-typography-calculated\" style=\"text-align: left; --fontsize: 36; line-height: 1.33;\" data-fontsize=\"36\" data-lineheight=\"47.880001px\">Le fun<\/h3>\n<p style=\"text-align: left;\">Sans oublier nos animateurs, regorgeant d\u2019id\u00e9es pour vous faire rire et passer une bonne soir\u00e9e, \u00e0 travers de nombreux jeux : haches, shuffleboards, fl\u00e9chettes, m\u00f6lkky, p\u00e9tanque, palet breton\u2026 \u00e0 l&rsquo;int\u00e9rieur comme \u00e0 l&rsquo;ext\u00e9rieur avec notre grande terrasse ! Des concerts pour tous les go\u00fbts, des blinds tests r\u00e9guliers, des cours divers (danse, masterclass cocktail &#8230;), diff\u00e9rents partenariats avec des organismes locaux ainsi que des diffusions\/rediffusions sportives ont lieu sur notre \u00e9cran g\u00e9ant&#8230; Pour le bonheur des amateurs de sport !<\/p>\n<\/div><\/div><\/div><\/div><\/div><div class=\"fusion-fullwidth fullwidth-box fusion-builder-row-2 fusion-flex-container has-pattern-background has-mask-background nonhundred-percent-fullwidth non-hundred-percent-height-scrolling\" style=\"--awb-border-radius-top-left:0px;--awb-border-radius-top-right:0px;--awb-border-radius-bottom-right:0px;--awb-border-radius-bottom-left:0px;--awb-flex-wrap:wrap;\" ><div class=\"fusion-builder-row fusion-row fusion-flex-align-items-flex-start fusion-flex-content-wrap\" style=\"max-width:1664px;margin-left: calc(-4% \/ 2 );margin-right: calc(-4% \/ 2 );\"><\/div><\/div><div class=\"fusion-fullwidth fullwidth-box fusion-builder-row-3 fusion-flex-container nonhundred-percent-fullwidth non-hundred-percent-height-scrolling\" style=\"--awb-border-radius-top-left:0px;--awb-border-radius-top-right:0px;--awb-border-radius-bottom-right:0px;--awb-border-radius-bottom-left:0px;--awb-flex-wrap:wrap;\" ><div class=\"fusion-builder-row fusion-row fusion-flex-align-items-flex-start fusion-flex-content-wrap\" style=\"max-width:1664px;margin-left: calc(-4% \/ 2 );margin-right: calc(-4% \/ 2 );\"><div class=\"fusion-layout-column fusion_builder_column fusion-builder-column-8 fusion_builder_column_1_1 1_1 fusion-flex-column\" style=\"--awb-bg-size:cover;--awb-width-large:100%;--awb-margin-top-large:0px;--awb-spacing-right-large:1.92%;--awb-margin-bottom-large:20px;--awb-spacing-left-large:1.92%;--awb-width-medium:100%;--awb-order-medium:0;--awb-spacing-right-medium:1.92%;--awb-spacing-left-medium:1.92%;--awb-width-small:100%;--awb-order-small:0;--awb-spacing-right-small:1.92%;--awb-spacing-left-small:1.92%;\"><div class=\"fusion-column-wrapper fusion-column-has-shadow fusion-flex-justify-content-flex-start fusion-content-layout-column\"><div class=\"fusion-separator fusion-full-width-sep\" style=\"align-self: center;margin-left: auto;margin-right: auto;width:100%;\"><div class=\"fusion-separator-border sep-double\" style=\"--awb-height:20px;--awb-amount:20px;--awb-sep-color:#000000;border-color:#000000;border-top-width:1px;border-bottom-width:1px;\"><\/div><\/div><div style=\"text-align:center;\"><a class=\"fusion-button button-flat button-xlarge button-default fusion-button-default button-1 fusion-button-default-span fusion-button-default-type\" target=\"_self\" href=\"https:\/\/bookings.zenchef.com\/results?rid=357788&amp;fullscreen=1\"><span class=\"fusion-button-text\">R\u00e9servez !<\/span><\/a><\/div><\/div><\/div><\/div><\/div><\/p>\n","protected":false},"excerpt":{"rendered":"","protected":false},"author":1,"featured_media":0,"parent":0,"menu_order":0,"comment_status":"closed","ping_status":"closed","template":"100-width.php","meta":{"_monsterinsights_skip_tracking":false,"_monsterinsights_sitenote_active":false,"_monsterinsights_sitenote_note":"","_monsterinsights_sitenote_category":0,"footnotes":""},"yoast_head":"<!-- This site is optimized with the Yoast SEO plugin v22.7 - https:\/\/yoast.com\/wordpress\/plugins\/seo\/ -->\n<title>Accueil - What Brest, Bar &amp; Restaurant \u00e0 Kergaradec<\/title>\n<meta name=\"description\" content=\"Le WHAT est un nouveau concept store sur Brest ! situ\u00e9 dans la zone de Kergaradec, venez retrouver : un bar, avec nos bi\u00e8res atypiques, un restaurant avec une carte gourmande et des jeux, avec des haches, du billard, des fl\u00e9chettes, du shuffle ou encore de la p\u00e9tanque ! DRINK FOOD N&#039; FUN !\" \/>\n<meta name=\"robots\" content=\"index, follow, max-snippet:-1, max-image-preview:large, max-video-preview:-1\" \/>\n<link rel=\"canonical\" href=\"https:\/\/www.what-brest.com\/\" \/>\n<meta property=\"og:locale\" content=\"fr_FR\" \/>\n<meta property=\"og:type\" content=\"article\" \/>\n<meta property=\"og:title\" content=\"Accueil - What Brest, Bar &amp; Restaurant \u00e0 Kergaradec\" \/>\n<meta property=\"og:description\" content=\"Le WHAT est un nouveau concept store sur Brest ! situ\u00e9 dans la zone de Kergaradec, venez retrouver : un bar, avec nos bi\u00e8res atypiques, un restaurant avec une carte gourmande et des jeux, avec des haches, du billard, des fl\u00e9chettes, du shuffle ou encore de la p\u00e9tanque ! DRINK FOOD N&#039; FUN !\" \/>\n<meta property=\"og:url\" content=\"https:\/\/www.what-brest.com\/\" \/>\n<meta property=\"og:site_name\" content=\"What\" \/>\n<meta property=\"article:publisher\" content=\"https:\/\/www.facebook.com\/whatbrest\" \/>\n<meta property=\"article:modified_time\" content=\"2025-01-10T09:51:56+00:00\" \/>\n<meta name=\"twitter:card\" content=\"summary_large_image\" \/>\n<meta name=\"twitter:label1\" content=\"Dur\u00e9e de lecture estim\u00e9e\" \/>\n\t<meta name=\"twitter:data1\" content=\"2 minutes\" \/>\n<script type=\"application\/ld+json\" class=\"yoast-schema-graph\">{\"@context\":\"https:\/\/schema.org\",\"@graph\":[{\"@type\":\"WebPage\",\"@id\":\"https:\/\/www.what-brest.com\/\",\"url\":\"https:\/\/www.what-brest.com\/\",\"name\":\"Accueil - What Brest, Bar & Restaurant \u00e0 Kergaradec\",\"isPartOf\":{\"@id\":\"https:\/\/www.what-brest.com\/#website\"},\"datePublished\":\"2021-07-20T08:37:53+00:00\",\"dateModified\":\"2025-01-10T09:51:56+00:00\",\"description\":\"Le WHAT est un nouveau concept store sur Brest ! situ\u00e9 dans la zone de Kergaradec, venez retrouver : un bar, avec nos bi\u00e8res atypiques, un restaurant avec une carte gourmande et des jeux, avec des haches, du billard, des fl\u00e9chettes, du shuffle ou encore de la p\u00e9tanque ! DRINK FOOD N' FUN !\",\"breadcrumb\":{\"@id\":\"https:\/\/www.what-brest.com\/#breadcrumb\"},\"inLanguage\":\"fr-FR\",\"potentialAction\":[{\"@type\":\"ReadAction\",\"target\":[\"https:\/\/www.what-brest.com\/\"]}]},{\"@type\":\"BreadcrumbList\",\"@id\":\"https:\/\/www.what-brest.com\/#breadcrumb\",\"itemListElement\":[{\"@type\":\"ListItem\",\"position\":1,\"name\":\"Accueil\",\"item\":\"https:\/\/www.what-brest.com\/\"},{\"@type\":\"ListItem\",\"position\":2,\"name\":\"Accueil\"}]},{\"@type\":\"WebSite\",\"@id\":\"https:\/\/www.what-brest.com\/#website\",\"url\":\"https:\/\/www.what-brest.com\/\",\"name\":\"What\",\"description\":\"Drink, Food &amp; Fun\",\"publisher\":{\"@id\":\"https:\/\/www.what-brest.com\/#organization\"},\"potentialAction\":[{\"@type\":\"SearchAction\",\"target\":{\"@type\":\"EntryPoint\",\"urlTemplate\":\"https:\/\/www.what-brest.com\/?s={search_term_string}\"},\"query-input\":\"required name=search_term_string\"}],\"inLanguage\":\"fr-FR\"},{\"@type\":\"Organization\",\"@id\":\"https:\/\/www.what-brest.com\/#organization\",\"name\":\"What\",\"url\":\"https:\/\/www.what-brest.com\/\",\"logo\":{\"@type\":\"ImageObject\",\"inLanguage\":\"fr-FR\",\"@id\":\"https:\/\/www.what-brest.com\/#\/schema\/logo\/image\/\",\"url\":\"https:\/\/www.what-brest.com\/wp-content\/uploads\/2021\/12\/241928712_213586507470295_6076625751205591573_n-1.jpg\",\"contentUrl\":\"https:\/\/www.what-brest.com\/wp-content\/uploads\/2021\/12\/241928712_213586507470295_6076625751205591573_n-1.jpg\",\"width\":2048,\"height\":2048,\"caption\":\"What\"},\"image\":{\"@id\":\"https:\/\/www.what-brest.com\/#\/schema\/logo\/image\/\"},\"sameAs\":[\"https:\/\/www.facebook.com\/whatbrest\",\"https:\/\/www.instagram.com\/what_brest\/?hl=fr\"]}]}<\/script>\n<!-- \/ Yoast SEO plugin. -->","yoast_head_json":{"title":"Accueil - What Brest, Bar & Restaurant \u00e0 Kergaradec","description":"Le WHAT est un nouveau concept store sur Brest ! situ\u00e9 dans la zone de Kergaradec, venez retrouver : un bar, avec nos bi\u00e8res atypiques, un restaurant avec une carte gourmande et des jeux, avec des haches, du billard, des fl\u00e9chettes, du shuffle ou encore de la p\u00e9tanque ! DRINK FOOD N' FUN !","robots":{"index":"index","follow":"follow","max-snippet":"max-snippet:-1","max-image-preview":"max-image-preview:large","max-video-preview":"max-video-preview:-1"},"canonical":"https:\/\/www.what-brest.com\/","og_locale":"fr_FR","og_type":"article","og_title":"Accueil - What Brest, Bar & Restaurant \u00e0 Kergaradec","og_description":"Le WHAT est un nouveau concept store sur Brest ! situ\u00e9 dans la zone de Kergaradec, venez retrouver : un bar, avec nos bi\u00e8res atypiques, un restaurant avec une carte gourmande et des jeux, avec des haches, du billard, des fl\u00e9chettes, du shuffle ou encore de la p\u00e9tanque ! DRINK FOOD N' FUN !","og_url":"https:\/\/www.what-brest.com\/","og_site_name":"What","article_publisher":"https:\/\/www.facebook.com\/whatbrest","article_modified_time":"2025-01-10T09:51:56+00:00","twitter_card":"summary_large_image","twitter_misc":{"Dur\u00e9e de lecture estim\u00e9e":"2 minutes"},"schema":{"@context":"https:\/\/schema.org","@graph":[{"@type":"WebPage","@id":"https:\/\/www.what-brest.com\/","url":"https:\/\/www.what-brest.com\/","name":"Accueil - What Brest, Bar & Restaurant \u00e0 Kergaradec","isPartOf":{"@id":"https:\/\/www.what-brest.com\/#website"},"datePublished":"2021-07-20T08:37:53+00:00","dateModified":"2025-01-10T09:51:56+00:00","description":"Le WHAT est un nouveau concept store sur Brest ! situ\u00e9 dans la zone de Kergaradec, venez retrouver : un bar, avec nos bi\u00e8res atypiques, un restaurant avec une carte gourmande et des jeux, avec des haches, du billard, des fl\u00e9chettes, du shuffle ou encore de la p\u00e9tanque ! DRINK FOOD N' FUN !","breadcrumb":{"@id":"https:\/\/www.what-brest.com\/#breadcrumb"},"inLanguage":"fr-FR","potentialAction":[{"@type":"ReadAction","target":["https:\/\/www.what-brest.com\/"]}]},{"@type":"BreadcrumbList","@id":"https:\/\/www.what-brest.com\/#breadcrumb","itemListElement":[{"@type":"ListItem","position":1,"name":"Accueil","item":"https:\/\/www.what-brest.com\/"},{"@type":"ListItem","position":2,"name":"Accueil"}]},{"@type":"WebSite","@id":"https:\/\/www.what-brest.com\/#website","url":"https:\/\/www.what-brest.com\/","name":"What","description":"Drink, Food &amp; Fun","publisher":{"@id":"https:\/\/www.what-brest.com\/#organization"},"potentialAction":[{"@type":"SearchAction","target":{"@type":"EntryPoint","urlTemplate":"https:\/\/www.what-brest.com\/?s={search_term_string}"},"query-input":"required name=search_term_string"}],"inLanguage":"fr-FR"},{"@type":"Organization","@id":"https:\/\/www.what-brest.com\/#organization","name":"What","url":"https:\/\/www.what-brest.com\/","logo":{"@type":"ImageObject","inLanguage":"fr-FR","@id":"https:\/\/www.what-brest.com\/#\/schema\/logo\/image\/","url":"https:\/\/www.what-brest.com\/wp-content\/uploads\/2021\/12\/241928712_213586507470295_6076625751205591573_n-1.jpg","contentUrl":"https:\/\/www.what-brest.com\/wp-content\/uploads\/2021\/12\/241928712_213586507470295_6076625751205591573_n-1.jpg","width":2048,"height":2048,"caption":"What"},"image":{"@id":"https:\/\/www.what-brest.com\/#\/schema\/logo\/image\/"},"sameAs":["https:\/\/www.facebook.com\/whatbrest","https:\/\/www.instagram.com\/what_brest\/?hl=fr"]}]}},"_links":{"self":[{"href":"https:\/\/www.what-brest.com\/index.php\/wp-json\/wp\/v2\/pages\/3544"}],"collection":[{"href":"https:\/\/www.what-brest.com\/index.php\/wp-json\/wp\/v2\/pages"}],"about":[{"href":"https:\/\/www.what-brest.com\/index.php\/wp-json\/wp\/v2\/types\/page"}],"author":[{"embeddable":true,"href":"https:\/\/www.what-brest.com\/index.php\/wp-json\/wp\/v2\/users\/1"}],"replies":[{"embeddable":true,"href":"https:\/\/www.what-brest.com\/index.php\/wp-json\/wp\/v2\/comments?post=3544"}],"version-history":[{"count":298,"href":"https:\/\/www.what-brest.com\/index.php\/wp-json\/wp\/v2\/pages\/3544\/revisions"}],"predecessor-version":[{"id":6910,"href":"https:\/\/www.what-brest.com\/index.php\/wp-json\/wp\/v2\/pages\/3544\/revisions\/6910"}],"wp:attachment":[{"href":"https:\/\/www.what-brest.com\/index.php\/wp-json\/wp\/v2\/media?parent=3544"}],"curies":[{"name":"wp","href":"https:\/\/api.w.org\/{rel}","templated":true}]}}